{"id":666,"date":"2025-12-30T14:12:42","date_gmt":"2025-12-30T14:12:42","guid":{"rendered":"https:\/\/prosprapp.com\/resources\/"},"modified":"2026-04-29T07:49:21","modified_gmt":"2026-04-29T07:49:21","slug":"materiaalit","status":"publish","type":"page","link":"https:\/\/prosprapp.com\/fi\/materiaalit\/","title":{"rendered":"Materiaalit"},"content":{"rendered":"\n\t<section class=\"section\" id=\"section_1538939490\">\n\t\t<div class=\"section-bg fill\" >\n\t\t\t\t\t\t\t\t\t\n\t\t\t\n\n\t\t<\/div>\n\n\t\t\n\n\t\t<div class=\"section-content relative\">\n\t\t\t\n\t<div id=\"gap-1345362845\" class=\"gap-element clearfix\" style=\"display:block; height:auto;\">\n\t\t\n<style>\n#gap-1345362845 {\n  padding-top: 2.5rem;\n}\n<\/style>\n\t<\/div>\n\t\n<div class=\"row\"  id=\"row-285934986\">\n\n\t<div id=\"col-674347164\" class=\"col small-12 large-12\"  data-animate=\"fadeInUp\">\n\t\t\t\t<div class=\"col-inner\"  >\n\t\t\t\n\t\t\t\n<h2 class=\"titleheadertext\">Resurssit<\/h2>\n<p>\n\t<div id=\"gap-237943064\" class=\"gap-element clearfix\" style=\"display:block; height:auto;\">\n\t\t\n<style>\n#gap-237943064 {\n  padding-top: 30px;\n}\n<\/style>\n\t<\/div>\n\t\n<form autocomplete=\"off\" name=\"wpv-filter-284\" action=\"\/fi\/wp-json\/wp\/v2\/pages\/666?wpv_view_count=284\" method=\"get\" class=\"wpv-filter-form js-wpv-filter-form js-wpv-filter-form-284 js-wpv-form-full js-wpv-dps-enabled js-wpv-ajax-results-enabled\" data-viewnumber=\"284\" data-viewid=\"284\" data-viewhash=\"eyJuYW1lIjoicmVzb3VyY2UtdmlldyJ9\" data-viewwidgetid=\"0\" data-orderby=\"\" data-order=\"\" data-orderbyas=\"\" data-orderbysecond=\"\" data-ordersecond=\"\" data-parametric=\"{&quot;query&quot;:&quot;normal&quot;,&quot;id&quot;:284,&quot;view_id&quot;:284,&quot;widget_id&quot;:0,&quot;view_hash&quot;:&quot;284&quot;,&quot;action&quot;:&quot;\\\/fi\\\/wp-json\\\/wp\\\/v2\\\/pages\\\/666?wpv_view_count=284&quot;,&quot;sort&quot;:{&quot;orderby&quot;:&quot;&quot;,&quot;order&quot;:&quot;&quot;,&quot;orderby_as&quot;:&quot;&quot;,&quot;orderby_second&quot;:&quot;&quot;,&quot;order_second&quot;:&quot;&quot;},&quot;orderby&quot;:&quot;&quot;,&quot;order&quot;:&quot;&quot;,&quot;orderby_as&quot;:&quot;&quot;,&quot;orderby_second&quot;:&quot;&quot;,&quot;order_second&quot;:&quot;&quot;,&quot;ajax_form&quot;:&quot;&quot;,&quot;ajax_results&quot;:&quot;&quot;,&quot;effect&quot;:&quot;fade&quot;,&quot;prebefore&quot;:&quot;&quot;,&quot;before&quot;:&quot;&quot;,&quot;after&quot;:&quot;&quot;,&quot;attributes&quot;:[],&quot;environment&quot;:{&quot;current_post_id&quot;:666,&quot;parent_post_id&quot;:666,&quot;parent_term_id&quot;:0,&quot;parent_user_id&quot;:0,&quot;archive&quot;:{&quot;type&quot;:&quot;&quot;,&quot;name&quot;:&quot;&quot;,&quot;data&quot;:[]}},&quot;loop&quot;:{&quot;type&quot;:&quot;&quot;,&quot;name&quot;:&quot;&quot;,&quot;data&quot;:[],&quot;id&quot;:0}}\" data-attributes=\"[]\" data-environment=\"{&quot;current_post_id&quot;:666,&quot;parent_post_id&quot;:666,&quot;parent_term_id&quot;:0,&quot;parent_user_id&quot;:0,&quot;archive&quot;:{&quot;type&quot;:&quot;&quot;,&quot;name&quot;:&quot;&quot;,&quot;data&quot;:[]}}\"><input type=\"hidden\" class=\"js-wpv-dps-filter-data js-wpv-filter-data-for-this-form\" data-action=\"\/fi\/wp-json\/wp\/v2\/pages\/666?wpv_view_count=284\" data-page=\"1\" data-ajax=\"enable\" data-effect=\"fade\" data-maxpages=\"0\" data-ajaxprebefore=\"\" data-ajaxbefore=\"\" data-ajaxafter=\"\" \/><input class=\"wpv_view_count wpv_view_count-284\" type=\"hidden\" name=\"wpv_view_count\" value=\"284\" \/>\n\n<div class=\"form-group\">\n\t<div class=\"radio\">\n\t\t\t\t\t\t\t\t\t<label for=\"resource-category-\"  class=\"\" >\n\t\t\t\t\t\t\t\t\t\t<input id=\"resource-category-\"  class=\"js-wpv-filter-trigger\"\n\t\t\t\t\t\t\t\t\t\t\tname=\"wpv-resource-category\" type=\"radio\" value=\"0\"  checked='checked'\n\t\t\t\t\t\t\t\t\t\t\/>\n\t\t\t\t\t\t\t\t\t\tView All\n\t\t\t\t\t\t\t\t\t<\/label>\n\t\t\t\t\t\t\t\t<\/div><div class=\"radio\"><label for=\"resource-category-general\"><input type=\"radio\" id=\"resource-category-general\" class=\"js-wpv-filter-trigger\" name=\"wpv-resource-category\" value=\"general\" \/>General<\/label><\/div>\n<\/div>\n\n<\/form>\n<div id=\"wpv-view-layout-284\" class=\"js-wpv-view-layout js-wpv-layout-responsive js-wpv-view-layout-284\" data-viewnumber=\"284\" data-pagination=\"{&quot;id&quot;:284,&quot;query&quot;:&quot;normal&quot;,&quot;type&quot;:&quot;disabled&quot;,&quot;effect&quot;:&quot;fade&quot;,&quot;duration&quot;:500,&quot;speed&quot;:5,&quot;pause_on_hover&quot;:&quot;enabled&quot;,&quot;stop_rollover&quot;:&quot;false&quot;,&quot;cache_pages&quot;:&quot;enabled&quot;,&quot;preload_images&quot;:&quot;enabled&quot;,&quot;preload_pages&quot;:&quot;enabled&quot;,&quot;preload_reach&quot;:1,&quot;spinner&quot;:&quot;builtin&quot;,&quot;spinner_image&quot;:&quot;https:\/\/prosprapp.com\/wp-content\/plugins\/wp-views\/embedded\/res\/img\/ajax-loader.gif&quot;,&quot;callback_next&quot;:&quot;&quot;,&quot;manage_history&quot;:&quot;enabled&quot;,&quot;has_controls_in_form&quot;:&quot;disabled&quot;,&quot;infinite_tolerance&quot;:&quot;0&quot;,&quot;max_pages&quot;:0,&quot;page&quot;:1,&quot;base_permalink&quot;:&quot;\/fi\/wp-json\/wp\/v2\/pages\/666?wpv_view_count=284&amp;wpv_paged=WPV_PAGE_NUM&quot;,&quot;loop&quot;:{&quot;type&quot;:&quot;&quot;,&quot;name&quot;:&quot;&quot;,&quot;data&quot;:[],&quot;id&quot;:0}}\" data-permalink=\"\/fi\/wp-json\/wp\/v2\/pages\/666?wpv_view_count=284\">\n\n\t\n\t\n\t\n\t\t<div class=\"newcardone\">\n\t<div class=\"img has-hover cardview x md-x lg-x y md-y lg-y\" id=\"image_104368598\">\n\t\t<a class=\"\" href=\"https:\/\/prosprapp.com\/fi\/resource\/prospr-valmistautuu-kasvuun-panu-hallfors-teknologiajohtajaksi\/\" >\t\t\t\t\t\t<div class=\"img-inner image-cover dark\" style=\"padding-top:100%;\">\n\t\t\t<img loading=\"lazy\" decoding=\"async\" width=\"1464\" height=\"1800\" src=\"https:\/\/prosprapp.com\/wp-content\/uploads\/2026\/02\/Panu-2024-suit.jpg\" class=\"attachment-original size-original\" alt=\"\" srcset=\"https:\/\/prosprapp.com\/wp-content\/uploads\/2026\/02\/Panu-2024-suit.jpg 1464w, https:\/\/prosprapp.com\/wp-content\/uploads\/2026\/02\/Panu-2024-suit-244x300.jpg 244w, https:\/\/prosprapp.com\/wp-content\/uploads\/2026\/02\/Panu-2024-suit-833x1024.jpg 833w, https:\/\/prosprapp.com\/wp-content\/uploads\/2026\/02\/Panu-2024-suit-768x944.jpg 768w, https:\/\/prosprapp.com\/wp-content\/uploads\/2026\/02\/Panu-2024-suit-1249x1536.jpg 1249w\" sizes=\"auto, (max-width: 1464px) 100vw, 1464px\" \/>\t\t\t\t\t\t\n\t\t\t\t\t<\/div>\n\t\t\t\t\t\t<\/a>\t\t\n<style>\n#image_104368598 {\n  width: 100%;\n}\n<\/style>\n\t<\/div>\n\t\n<a class=\"paratextlink\" href=\"https:\/\/prosprapp.com\/fi\/resource\/prospr-valmistautuu-kasvuun-panu-hallfors-teknologiajohtajaksi\/\">\n  \t<div id=\"gap-245787624\" class=\"gap-element clearfix\" style=\"display:block; height:auto;\">\n\t\t\n<style>\n#gap-245787624 {\n  padding-top: 30px;\n}\n<\/style>\n\t<\/div>\n\t\n<h2 class=\"titleheadertext\">Prospr valmistautuu kasvuun \u2013 Panu H\u00e4llfors teknologiajohtajaksi<\/h2>\n<p>Tulospohjaisen vaikuttajamarkkinoinnin alustapalvelu Prospr vahvistaa asemaansa, kun Panu H\u00e4llfors aloittaa yrityksen teknologiajohtajana. Panulla on laaja<\/p>\n\n<\/a>\n<\/div>\n\t\n\t\t<div class=\"newcardone\">\n\t<div class=\"img has-hover cardview x md-x lg-x y md-y lg-y\" id=\"image_136514574\">\n\t\t<a class=\"\" href=\"https:\/\/prosprapp.com\/fi\/resource\/miten-aloittaa-affiliate-markkinointi-sisallontuottajana-tai-brandina\/\" >\t\t\t\t\t\t<div class=\"img-inner image-cover dark\" style=\"padding-top:100%;\">\n\t\t\t<img loading=\"lazy\" decoding=\"async\" width=\"1132\" height=\"1588\" src=\"https:\/\/prosprapp.com\/wp-content\/uploads\/2026\/01\/portrait-positive-man-recording-personal-blog-1.png\" class=\"attachment-original size-original\" alt=\"\" srcset=\"https:\/\/prosprapp.com\/wp-content\/uploads\/2026\/01\/portrait-positive-man-recording-personal-blog-1.png 1132w, https:\/\/prosprapp.com\/wp-content\/uploads\/2026\/01\/portrait-positive-man-recording-personal-blog-1-214x300.png 214w, https:\/\/prosprapp.com\/wp-content\/uploads\/2026\/01\/portrait-positive-man-recording-personal-blog-1-730x1024.png 730w, https:\/\/prosprapp.com\/wp-content\/uploads\/2026\/01\/portrait-positive-man-recording-personal-blog-1-768x1077.png 768w, https:\/\/prosprapp.com\/wp-content\/uploads\/2026\/01\/portrait-positive-man-recording-personal-blog-1-1095x1536.png 1095w\" sizes=\"auto, (max-width: 1132px) 100vw, 1132px\" \/>\t\t\t\t\t\t\n\t\t\t\t\t<\/div>\n\t\t\t\t\t\t<\/a>\t\t\n<style>\n#image_136514574 {\n  width: 100%;\n}\n<\/style>\n\t<\/div>\n\t\n<a class=\"paratextlink\" href=\"https:\/\/prosprapp.com\/fi\/resource\/miten-aloittaa-affiliate-markkinointi-sisallontuottajana-tai-brandina\/\">\n  \t<div id=\"gap-1610418629\" class=\"gap-element clearfix\" style=\"display:block; height:auto;\">\n\t\t\n<style>\n#gap-1610418629 {\n  padding-top: 30px;\n}\n<\/style>\n\t<\/div>\n\t\n<h2 class=\"titleheadertext\">Miten aloittaa affiliate-markkinointi sis\u00e4ll\u00f6ntuottajana tai br\u00e4ndin\u00e4<\/h2>\n<p>Moni sis\u00e4ll\u00f6ntuottaja kuvittelee, ett\u00e4 affiliate-markkinoinnin aloittaminen vaatii valmiita suhteita br\u00e4ndeihin tai valtavan seuraajam\u00e4\u00e4r\u00e4n. Totuus on,<\/p>\n\n<\/a>\n<\/div>\n\t\n\t\t<div class=\"newcardone\">\n\t<div class=\"img has-hover cardview x md-x lg-x y md-y lg-y\" id=\"image_231368041\">\n\t\t<a class=\"\" href=\"https:\/\/prosprapp.com\/fi\/resource\/miksi-mikroinfluensserit-usein-tuottavat-paremmin-kuin-suuret-tilit\/\" >\t\t\t\t\t\t<div class=\"img-inner image-cover dark\" style=\"padding-top:100%;\">\n\t\t\t<img loading=\"lazy\" decoding=\"async\" width=\"964\" height=\"1028\" src=\"https:\/\/prosprapp.com\/wp-content\/uploads\/2025\/12\/shutterstock_1316614217-3.jpg\" class=\"attachment-original size-original\" alt=\"\" srcset=\"https:\/\/prosprapp.com\/wp-content\/uploads\/2025\/12\/shutterstock_1316614217-3.jpg 964w, https:\/\/prosprapp.com\/wp-content\/uploads\/2025\/12\/shutterstock_1316614217-3-281x300.jpg 281w, https:\/\/prosprapp.com\/wp-content\/uploads\/2025\/12\/shutterstock_1316614217-3-960x1024.jpg 960w, https:\/\/prosprapp.com\/wp-content\/uploads\/2025\/12\/shutterstock_1316614217-3-768x819.jpg 768w\" sizes=\"auto, (max-width: 964px) 100vw, 964px\" \/>\t\t\t\t\t\t\n\t\t\t\t\t<\/div>\n\t\t\t\t\t\t<\/a>\t\t\n<style>\n#image_231368041 {\n  width: 100%;\n}\n<\/style>\n\t<\/div>\n\t\n<a class=\"paratextlink\" href=\"https:\/\/prosprapp.com\/fi\/resource\/miksi-mikroinfluensserit-usein-tuottavat-paremmin-kuin-suuret-tilit\/\">\n  \t<div id=\"gap-1095448147\" class=\"gap-element clearfix\" style=\"display:block; height:auto;\">\n\t\t\n<style>\n#gap-1095448147 {\n  padding-top: 30px;\n}\n<\/style>\n\t<\/div>\n\t\n<h2 class=\"titleheadertext\">Miksi mikroinfluensserit usein tuottavat paremmin kuin suuret tilit<\/h2>\n<p>Pitk\u00e4\u00e4n br\u00e4ndit tavoittelivat vain suurta n\u00e4kyvyytt\u00e4. Ajatus oli yksinkertainen: mit\u00e4 enemm\u00e4n seuraajia, sit\u00e4 paremmat tulokset.<\/p>\n\n<\/a>\n<\/div>\n\t\n\t\t<div class=\"newcardone\">\n\t<div class=\"img has-hover cardview x md-x lg-x y md-y lg-y\" id=\"image_1763517551\">\n\t\t<a class=\"\" href=\"https:\/\/prosprapp.com\/fi\/resource\/mita-affiliate-markkinointi-oikeasti-on\/\" >\t\t\t\t\t\t<div class=\"img-inner image-cover dark\" style=\"padding-top:100%;\">\n\t\t\t<img loading=\"lazy\" decoding=\"async\" width=\"1266\" height=\"1794\" src=\"https:\/\/prosprapp.com\/wp-content\/uploads\/2026\/01\/portrait-young-woman-lifestyle-blogger-recording-vlog-video-about-her-life-daily-routine-1.png\" class=\"attachment-original size-original\" alt=\"\" srcset=\"https:\/\/prosprapp.com\/wp-content\/uploads\/2026\/01\/portrait-young-woman-lifestyle-blogger-recording-vlog-video-about-her-life-daily-routine-1.png 1266w, https:\/\/prosprapp.com\/wp-content\/uploads\/2026\/01\/portrait-young-woman-lifestyle-blogger-recording-vlog-video-about-her-life-daily-routine-1-212x300.png 212w, https:\/\/prosprapp.com\/wp-content\/uploads\/2026\/01\/portrait-young-woman-lifestyle-blogger-recording-vlog-video-about-her-life-daily-routine-1-723x1024.png 723w, https:\/\/prosprapp.com\/wp-content\/uploads\/2026\/01\/portrait-young-woman-lifestyle-blogger-recording-vlog-video-about-her-life-daily-routine-1-768x1088.png 768w, https:\/\/prosprapp.com\/wp-content\/uploads\/2026\/01\/portrait-young-woman-lifestyle-blogger-recording-vlog-video-about-her-life-daily-routine-1-1084x1536.png 1084w\" sizes=\"auto, (max-width: 1266px) 100vw, 1266px\" \/>\t\t\t\t\t\t\n\t\t\t\t\t<\/div>\n\t\t\t\t\t\t<\/a>\t\t\n<style>\n#image_1763517551 {\n  width: 100%;\n}\n<\/style>\n\t<\/div>\n\t\n<a class=\"paratextlink\" href=\"https:\/\/prosprapp.com\/fi\/resource\/mita-affiliate-markkinointi-oikeasti-on\/\">\n  \t<div id=\"gap-1556440057\" class=\"gap-element clearfix\" style=\"display:block; height:auto;\">\n\t\t\n<style>\n#gap-1556440057 {\n  padding-top: 30px;\n}\n<\/style>\n\t<\/div>\n\t\n<h2 class=\"titleheadertext\">Mit\u00e4 affiliate-markkinointi oikeasti on? Opas sis\u00e4ll\u00f6ntuottajille ja br\u00e4ndeille<\/h2>\n<p>Affiliate-markkinointi on noussut yhdeksi nopeimmin kasvavista tavoista ansaita tuloja sis\u00e4ll\u00f6ntuottajana, mutta siit\u00e4 vallitsee edelleen paljon<\/p>\n\n<\/a>\n<\/div>\n\t\n\t\n\t\n\t\n<\/div>\n\n\t\t<\/div>\n\t\t\t\t\t<\/div>\n\n\t\n<\/div>\n\t\t<\/div>\n\n\t\t\n<style>\n#section_1538939490 {\n  padding-top: 3rem;\n  padding-bottom: 3rem;\n}\n<\/style>\n\t<\/section>\n\t\n\n\t<section class=\"section dark\" id=\"section_82275680\">\n\t\t<div class=\"section-bg fill\" >\n\t\t\t\t\t\t\t\t\t\n\t\t\t\n\n\t\t<\/div>\n\n\t\t\n\n\t\t<div class=\"section-content relative\">\n\t\t\t\n\t<div id=\"gap-284559598\" class=\"gap-element clearfix\" style=\"display:block; height:auto;\">\n\t\t\n<style>\n#gap-284559598 {\n  padding-top: 2.5rem;\n}\n<\/style>\n\t<\/div>\n\t\n<div class=\"row\"  id=\"row-1223294610\">\n\n\t<div id=\"col-1935515655\" class=\"col small-12 large-12\"  data-animate=\"fadeInUp\">\n\t\t\t\t<div class=\"col-inner text-center\"  >\n\t\t\t\n\t\t\t\n<h2 class=\"titlemaintext\">Valmiina aloittamaan?<\/h2>\n\t<div id=\"gap-1429332681\" class=\"gap-element clearfix\" style=\"display:block; height:auto;\">\n\t\t\n<style>\n#gap-1429332681 {\n  padding-top: 3rem;\n}\n<\/style>\n\t<\/div>\n\t\n<a href=\"https:\/\/prosprapp.com\/fi\/brandit\/\" class=\"button secondary lowercase buttonone purplebutton1\" style=\"border-radius:99px;\">\n\t\t<span>Varaa demo<\/span>\n\t<\/a>\n\n<a href=\"https:\/\/app.prosprapp.com\/home\" class=\"button secondary lowercase buttonone purplebutton\" style=\"border-radius:99px;\">\n\t\t<span>Liity vaikuttajana<\/span>\n\t<\/a>\n\n\t\t<\/div>\n\t\t\t\t\t<\/div>\n\n\t\n<\/div>\n\t\t<\/div>\n\n\t\t\n<style>\n#section_82275680 {\n  padding-top: 3rem;\n  padding-bottom: 3rem;\n  background-color: rgb(0,0,0);\n}\n<\/style>\n\t<\/section>\n\t\n","protected":false},"excerpt":{"rendered":"","protected":false},"author":1,"featured_media":0,"parent":0,"menu_order":0,"comment_status":"closed","ping_status":"closed","template":"page-blank.php","meta":{"footnotes":""},"class_list":["post-666","page","type-page","status-publish","hentry"],"_links":{"self":[{"href":"https:\/\/prosprapp.com\/fi\/wp-json\/wp\/v2\/pages\/666","targetHints":{"allow":["GET"]}}],"collection":[{"href":"https:\/\/prosprapp.com\/fi\/wp-json\/wp\/v2\/pages"}],"about":[{"href":"https:\/\/prosprapp.com\/fi\/wp-json\/wp\/v2\/types\/page"}],"author":[{"embeddable":true,"href":"https:\/\/prosprapp.com\/fi\/wp-json\/wp\/v2\/users\/1"}],"replies":[{"embeddable":true,"href":"https:\/\/prosprapp.com\/fi\/wp-json\/wp\/v2\/comments?post=666"}],"version-history":[{"count":4,"href":"https:\/\/prosprapp.com\/fi\/wp-json\/wp\/v2\/pages\/666\/revisions"}],"predecessor-version":[{"id":1043,"href":"https:\/\/prosprapp.com\/fi\/wp-json\/wp\/v2\/pages\/666\/revisions\/1043"}],"wp:attachment":[{"href":"https:\/\/prosprapp.com\/fi\/wp-json\/wp\/v2\/media?parent=666"}],"curies":[{"name":"wp","href":"https:\/\/api.w.org\/{rel}","templated":true}]}}