{"id":660,"date":"2026-01-12T11:31:19","date_gmt":"2026-01-12T11:31:19","guid":{"rendered":"https:\/\/prosprapp.com\/faqs\/"},"modified":"2026-04-29T07:51:03","modified_gmt":"2026-04-29T07:51:03","slug":"ukk","status":"publish","type":"page","link":"https:\/\/prosprapp.com\/fi\/ukk\/","title":{"rendered":"FAQ&#8217;s"},"content":{"rendered":"\n\t<section class=\"section\" id=\"section_1285332775\">\n\t\t<div class=\"section-bg fill\" >\n\t\t\t\t\t\t\t\t\t\n\t\t\t\n\n\t\t<\/div>\n\n\t\t\n\n\t\t<div class=\"section-content relative\">\n\t\t\t\n<div class=\"row\"  id=\"row-522393959\">\n\n\t<div id=\"col-394735561\" class=\"col small-12 large-12\"  data-animate=\"fadeInUp\">\n\t\t\t\t<div class=\"col-inner\"  >\n\t\t\t\n\t\t\t\n\t<div id=\"gap-645292676\" class=\"gap-element clearfix\" style=\"display:block; height:auto;\">\n\t\t\n<style>\n#gap-645292676 {\n  padding-top: 2.5rem;\n}\n<\/style>\n\t<\/div>\n\t\n<h1 class=\"titleheadertext\">Usein kysytyt kysymykset.<\/h1>\n\t<div id=\"gap-1970907163\" class=\"gap-element clearfix\" style=\"display:block; height:auto;\">\n\t\t\n<style>\n#gap-1970907163 {\n  padding-top: 2.5rem;\n}\n<\/style>\n\t<\/div>\n\t\n<h3 class=\"accordion_title\">Vaikuttajille<\/h3><div class=\"accordion faqsection\">\n\t<div id=\"accordion-1629778937\" class=\"accordion-item\">\n\t\t<a id=\"accordion-1629778937-label\" class=\"accordion-title plain active\" href=\"#accordion-item-mik\u00e4-on-prospr?\" aria-expanded=\"true\" aria-controls=\"accordion-1629778937-content\">\n\t\t\t<button class=\"toggle\" aria-label=\"Toggle\"><i class=\"icon-angle-down\" aria-hidden=\"true\"><\/i><\/button>\n\t\t\t<span>Mik\u00e4 on Prospr?<\/span>\n\t\t<\/a>\n\t\t<div id=\"accordion-1629778937-content\" class=\"accordion-inner\" style=\"display: block;\" aria-labelledby=\"accordion-1629778937-label\">\n\t\t\t\n<p>Prospr on vaikuttajamarkkinoinnin alusta, joka yhdist\u00e4\u00e4 vaikuttajat ja br\u00e4ndit tulospohjaisiin affiliate-kampanjoihin sek\u00e4 perinteisiin yhteist\u00f6ihin. Alusta hy\u00f6dynt\u00e4\u00e4 teko\u00e4ly\u00e4 sopivien kumppanuuksien l\u00f6yt\u00e4miseen ja auttaa br\u00e4ndej\u00e4 saavuttamaan mitattavia tuloksia sek\u00e4 rakentamaan pitk\u00e4aikaisia yhteisty\u00f6suhteita.<\/p>\n\t\t<\/div>\n\t<\/div>\n\t\n\t<div id=\"accordion-956345725\" class=\"accordion-item\">\n\t\t<a id=\"accordion-956345725-label\" class=\"accordion-title plain\" href=\"#accordion-item-miten-ansaitsen-rahaa-prosprissa?\" aria-expanded=\"false\" aria-controls=\"accordion-956345725-content\">\n\t\t\t<button class=\"toggle\" aria-label=\"Toggle\"><i class=\"icon-angle-down\" aria-hidden=\"true\"><\/i><\/button>\n\t\t\t<span>Miten ansaitsen rahaa Prosprissa?<\/span>\n\t\t<\/a>\n\t\t<div id=\"accordion-956345725-content\" class=\"accordion-inner\" aria-labelledby=\"accordion-956345725-label\">\n\t\t\t\n<p>Vaikuttajat voivat ansaita sek\u00e4 affiliate-komissioilla ett\u00e4 maksetuilla yhteisty\u00f6ill\u00e4. Kun mainostat br\u00e4ndi\u00e4 omalla yksil\u00f6llisell\u00e4 seurantalinkill\u00e4si, saat provision jokaisesta sis\u00e4lt\u00f6si kautta syntyneest\u00e4 vahvistetusta myynnist\u00e4, liidist\u00e4 tai klikkauksesta. Ansiosi m\u00e4\u00e4r\u00e4 riippuu yleis\u00f6si sopivuudesta, sitoutumisesta sek\u00e4 kampanjan tuloksista.<\/p>\n\t\t<\/div>\n\t<\/div>\n\t\n\t<div id=\"accordion-1076549878\" class=\"accordion-item\">\n\t\t<a id=\"accordion-1076549878-label\" class=\"accordion-title plain\" href=\"#accordion-item-onko-prospr-ilmainen-vaikuttajille?\" aria-expanded=\"false\" aria-controls=\"accordion-1076549878-content\">\n\t\t\t<button class=\"toggle\" aria-label=\"Toggle\"><i class=\"icon-angle-down\" aria-hidden=\"true\"><\/i><\/button>\n\t\t\t<span>Onko Prospr ilmainen vaikuttajille?<\/span>\n\t\t<\/a>\n\t\t<div id=\"accordion-1076549878-content\" class=\"accordion-inner\" aria-labelledby=\"accordion-1076549878-label\">\n\t\t\t\n<p>Kyll\u00e4, vaikuttajien ei tarvitse maksaa ansaitakseen.<\/p>\n\t\t<\/div>\n\t<\/div>\n\t\n\t<div id=\"accordion-1911909254\" class=\"accordion-item\">\n\t\t<a id=\"accordion-1911909254-label\" class=\"accordion-title plain\" href=\"#accordion-item-tarvitsenko-tietyn-m\u00e4\u00e4r\u00e4n-seuraajia-liitty\u00e4kseni?\" aria-expanded=\"false\" aria-controls=\"accordion-1911909254-content\">\n\t\t\t<button class=\"toggle\" aria-label=\"Toggle\"><i class=\"icon-angle-down\" aria-hidden=\"true\"><\/i><\/button>\n\t\t\t<span>Tarvitsenko tietyn m\u00e4\u00e4r\u00e4n seuraajia liitty\u00e4kseni?<\/span>\n\t\t<\/a>\n\t\t<div id=\"accordion-1911909254-content\" class=\"accordion-inner\" aria-labelledby=\"accordion-1911909254-label\">\n\t\t\t\n<p>Et tarvitse. Painotamme seuraajam\u00e4\u00e4r\u00e4n sijaan relevanssia, selke\u00e4\u00e4 markkinarakoa ja yleis\u00f6n sitoutuneisuutta. Mikrovaikuttajat ovat paitsi tervetulleita, my\u00f6s usein erityisen arvokkaita suoritusperusteisissa kampanjoissa.<\/p>\n\t\t<\/div>\n\t<\/div>\n\t\n\t<div id=\"accordion-3149931161\" class=\"accordion-item\">\n\t\t<a id=\"accordion-3149931161-label\" class=\"accordion-title plain\" href=\"#accordion-item-miten-vaikuttajien-ja-br\u00e4ndien-yhdist\u00e4minen-toimii?\" aria-expanded=\"false\" aria-controls=\"accordion-3149931161-content\">\n\t\t\t<button class=\"toggle\" aria-label=\"Toggle\"><i class=\"icon-angle-down\" aria-hidden=\"true\"><\/i><\/button>\n\t\t\t<span>Miten vaikuttajien ja br\u00e4ndien yhdist\u00e4minen toimii?<\/span>\n\t\t<\/a>\n\t\t<div id=\"accordion-3149931161-content\" class=\"accordion-inner\" aria-labelledby=\"accordion-3149931161-label\">\n\t\t\t\n<p>Teko\u00e4lypohjainen ty\u00f6kalumme analysoi vaikuttajien profiileja ja tunnistaa sopivimmat br\u00e4ndikumppanit kategorian, yleis\u00f6n demografisten tietojen sek\u00e4 aiempiin tuloksiin perustuvan datan perusteella. Kun vaikuttaja t\u00e4ytt\u00e4\u00e4 br\u00e4ndin kampanjakriteerit, j\u00e4rjestelm\u00e4 yhdist\u00e4\u00e4 osapuolet automaattisesti, jolloin yhteisty\u00f6 voi k\u00e4ynnisty\u00e4 heti.<\/p>\n\t\t<\/div>\n\t<\/div>\n\t\n\t<div id=\"accordion-517114230\" class=\"accordion-item\">\n\t\t<a id=\"accordion-517114230-label\" class=\"accordion-title plain\" href=\"#accordion-item-tarvitsenko-aiempaa-kokemusta-affiliate-markkinoinnista?\" aria-expanded=\"false\" aria-controls=\"accordion-517114230-content\">\n\t\t\t<button class=\"toggle\" aria-label=\"Toggle\"><i class=\"icon-angle-down\" aria-hidden=\"true\"><\/i><\/button>\n\t\t\t<span>Tarvitsenko aiempaa kokemusta affiliate-markkinoinnista?<\/span>\n\t\t<\/a>\n\t\t<div id=\"accordion-517114230-content\" class=\"accordion-inner\" aria-labelledby=\"accordion-517114230-label\">\n\t\t\t\n<p>Et v\u00e4ltt\u00e4m\u00e4tt\u00e4. Jos ymm\u00e4rr\u00e4t vaikuttajamarkkinoinnin perusteet ja tunnet yleis\u00f6si hyvin, voit aloittaa. Affiliate-markkinoinnissa t\u00e4rke\u00e4mp\u00e4\u00e4 kuin aiempi kokemus, on luottamus yleis\u00f6\u00f6n sek\u00e4 aito yhteensopivuus br\u00e4ndien kanssa.<\/p>\n\t\t<\/div>\n\t<\/div>\n\t\n\t<div id=\"accordion-3857774897\" class=\"accordion-item\">\n\t\t<a id=\"accordion-3857774897-label\" class=\"accordion-title plain\" href=\"#accordion-item-milloin-saan-ensimm\u00e4iset-kampanjaehdotukset?\" aria-expanded=\"false\" aria-controls=\"accordion-3857774897-content\">\n\t\t\t<button class=\"toggle\" aria-label=\"Toggle\"><i class=\"icon-angle-down\" aria-hidden=\"true\"><\/i><\/button>\n\t\t\t<span>Milloin saan ensimm\u00e4iset kampanjaehdotukset?<\/span>\n\t\t<\/a>\n\t\t<div id=\"accordion-3857774897-content\" class=\"accordion-inner\" aria-labelledby=\"accordion-3857774897-label\">\n\t\t\t\n<p>Kampanjaehdotusten saaminen riippuu br\u00e4ndien kysynn\u00e4st\u00e4 sek\u00e4 siit\u00e4, kuinka hyvin profiilisi vastaa aktiivisten kampanjoiden kriteerej\u00e4. Kun t\u00e4yt\u00e4t profiilisi huolellisesti, alustamme pystyy yhdist\u00e4m\u00e4\u00e4n sinut helpommin sinulle sopiviin kampanjoihin.<\/p>\n\t\t<\/div>\n\t<\/div>\n\t\n<\/div>\n\t<div id=\"gap-1261592661\" class=\"gap-element clearfix\" style=\"display:block; height:auto;\">\n\t\t\n<style>\n#gap-1261592661 {\n  padding-top: 4.5rem;\n}\n<\/style>\n\t<\/div>\n\t\n<h3 class=\"accordion_title\">Br\u00e4ndeille<\/h3><div class=\"accordion faqsection\">\n\t<div id=\"accordion-339244498\" class=\"accordion-item\">\n\t\t<a id=\"accordion-339244498-label\" class=\"accordion-title plain active\" href=\"#accordion-item-miten-prospr-toimii-br\u00e4ndeille?\" aria-expanded=\"true\" aria-controls=\"accordion-339244498-content\">\n\t\t\t<button class=\"toggle\" aria-label=\"Toggle\"><i class=\"icon-angle-down\" aria-hidden=\"true\"><\/i><\/button>\n\t\t\t<span>Miten Prospr toimii br\u00e4ndeille?<\/span>\n\t\t<\/a>\n\t\t<div id=\"accordion-339244498-content\" class=\"accordion-inner\" style=\"display: block;\" aria-labelledby=\"accordion-339244498-label\">\n\t\t\t\n<p>Prospr auttaa br\u00e4ndej\u00e4 k\u00e4ynnist\u00e4m\u00e4\u00e4n ja skaalaamaan suoritusperusteisia vaikuttajamarkkinointikampanjoita. N\u00e4kyvyydest\u00e4 maksamisen sijaan br\u00e4ndit maksavat vain mitattavista tuloksista, kuten affiliate-kampanjoiden kautta syntyneist\u00e4 myynneist\u00e4, liideist\u00e4 tai klikkauksista.<\/p>\n\t\t<\/div>\n\t<\/div>\n\t\n\t<div id=\"accordion-181655662\" class=\"accordion-item\">\n\t\t<a id=\"accordion-181655662-label\" class=\"accordion-title plain\" href=\"#accordion-item-miten-prospr-eroaa-perinteisest\u00e4-vaikuttajamarkkinoinnista?\" aria-expanded=\"false\" aria-controls=\"accordion-181655662-content\">\n\t\t\t<button class=\"toggle\" aria-label=\"Toggle\"><i class=\"icon-angle-down\" aria-hidden=\"true\"><\/i><\/button>\n\t\t\t<span>Miten Prospr eroaa perinteisest\u00e4 vaikuttajamarkkinoinnista?<\/span>\n\t\t<\/a>\n\t\t<div id=\"accordion-181655662-content\" class=\"accordion-inner\" aria-labelledby=\"accordion-181655662-label\">\n\t\t\t\n<p>Perinteiset vaikuttajakampanjat keskittyv\u00e4t tavoittavuuteen ja n\u00e4ytt\u00f6kertoihin. Prospr keskittyy tuloksiin, kuten myyntiin, liideihin ja klikkauksiin. Alustamme yhdist\u00e4\u00e4 br\u00e4ndit ja vaikuttajat teko\u00e4lyn avulla, ja br\u00e4ndit maksavat vain toteutuneista tuloksista samalla kun seuraavat kampanjoiden suorituskyky\u00e4 reaaliajassa.<\/p>\n\t\t<\/div>\n\t<\/div>\n\t\n\t<div id=\"accordion-667222469\" class=\"accordion-item\">\n\t\t<a id=\"accordion-667222469-label\" class=\"accordion-title plain\" href=\"#accordion-item-miten-br\u00e4ndit-maksavat?\" aria-expanded=\"false\" aria-controls=\"accordion-667222469-content\">\n\t\t\t<button class=\"toggle\" aria-label=\"Toggle\"><i class=\"icon-angle-down\" aria-hidden=\"true\"><\/i><\/button>\n\t\t\t<span>Miten br\u00e4ndit maksavat?<\/span>\n\t\t<\/a>\n\t\t<div id=\"accordion-667222469-content\" class=\"accordion-inner\" aria-labelledby=\"accordion-667222469-label\">\n\t\t\t\n<p>Br\u00e4ndit m\u00e4\u00e4rittelev\u00e4t vaikuttajille maksettavan affiliate-komission jokaisesta toteutuneesta myynnist\u00e4. Prospr veloittaa lis\u00e4ksi palvelumaksun maksetuista affiliate-palkkioista. N\u00e4in br\u00e4ndit maksavat vain toteutuneista tuloksista.<\/p>\n\t\t<\/div>\n\t<\/div>\n\t\n\t<div id=\"accordion-1147972525\" class=\"accordion-item\">\n\t\t<a id=\"accordion-1147972525-label\" class=\"accordion-title plain\" href=\"#accordion-item-voimmeko-silti-toteuttaa-perinteisi\u00e4-maksullisia-yhteist\u00f6it\u00e4?\" aria-expanded=\"false\" aria-controls=\"accordion-1147972525-content\">\n\t\t\t<button class=\"toggle\" aria-label=\"Toggle\"><i class=\"icon-angle-down\" aria-hidden=\"true\"><\/i><\/button>\n\t\t\t<span>Voimmeko silti toteuttaa perinteisi\u00e4 maksullisia yhteist\u00f6it\u00e4?<\/span>\n\t\t<\/a>\n\t\t<div id=\"accordion-1147972525-content\" class=\"accordion-inner\" aria-labelledby=\"accordion-1147972525-label\">\n\t\t\t\n<p>Kyll\u00e4. Prospr tukee sek\u00e4 affiliate-pohjaisia kampanjoita ett\u00e4 perinteisi\u00e4 vaikuttajayhteist\u00f6it\u00e4, joten br\u00e4ndit voivat joustavasti valita, millaisia yhteisty\u00f6malleja ne haluavat toteuttaa vaikuttajien kanssa.<\/p>\n\t\t<\/div>\n\t<\/div>\n\t\n\t<div id=\"accordion-651578209\" class=\"accordion-item\">\n\t\t<a id=\"accordion-651578209-label\" class=\"accordion-title plain\" href=\"#accordion-item-miten-vaikuttajat-valitaan?\" aria-expanded=\"false\" aria-controls=\"accordion-651578209-content\">\n\t\t\t<button class=\"toggle\" aria-label=\"Toggle\"><i class=\"icon-angle-down\" aria-hidden=\"true\"><\/i><\/button>\n\t\t\t<span>Miten vaikuttajat valitaan?<\/span>\n\t\t<\/a>\n\t\t<div id=\"accordion-651578209-content\" class=\"accordion-inner\" aria-labelledby=\"accordion-651578209-label\">\n\t\t\t\n<p>Vaikuttajat yhdistet\u00e4\u00e4n kampanjoihin relevanssin, yleis\u00f6demografian, sitoutumisen laadun sek\u00e4 kampanjan kanssa sopivuuden perusteella. Br\u00e4ndeill\u00e4 on t\u00e4ysi n\u00e4kyvyys vaikuttajaprofiileihin ennen yhteisty\u00f6n hyv\u00e4ksymist\u00e4.<\/p>\n\t\t<\/div>\n\t<\/div>\n\t\n\t<div id=\"accordion-501863558\" class=\"accordion-item\">\n\t\t<a id=\"accordion-501863558-label\" class=\"accordion-title plain\" href=\"#accordion-item-miten-kampanjoiden-tuloksia-mitataan?\" aria-expanded=\"false\" aria-controls=\"accordion-501863558-content\">\n\t\t\t<button class=\"toggle\" aria-label=\"Toggle\"><i class=\"icon-angle-down\" aria-hidden=\"true\"><\/i><\/button>\n\t\t\t<span>Miten kampanjoiden tuloksia mitataan?<\/span>\n\t\t<\/a>\n\t\t<div id=\"accordion-501863558-content\" class=\"accordion-inner\" aria-labelledby=\"accordion-501863558-label\">\n\t\t\t\n<p>Br\u00e4ndit voivat seurata konversioita, affiliate-myynti\u00e4 ja kampanjoiden suorituskyky\u00e4 suoraan alustan hallintapaneelista. N\u00e4in tuloksia voidaan analysoida reaaliajassa ja kampanjoita optimoida jatkuvasti paremman tuoton saavuttamiseksi.<\/p>\n\t\t<\/div>\n\t<\/div>\n\t\n\t<div id=\"accordion-730939082\" class=\"accordion-item\">\n\t\t<a id=\"accordion-730939082-label\" class=\"accordion-title plain\" href=\"#accordion-item-kuinka-monta-vaikuttajaa-on-liittynyt-prospriin?\" aria-expanded=\"false\" aria-controls=\"accordion-730939082-content\">\n\t\t\t<button class=\"toggle\" aria-label=\"Toggle\"><i class=\"icon-angle-down\" aria-hidden=\"true\"><\/i><\/button>\n\t\t\t<span>Kuinka monta vaikuttajaa on liittynyt Prospriin?<\/span>\n\t\t<\/a>\n\t\t<div id=\"accordion-730939082-content\" class=\"accordion-inner\" aria-labelledby=\"accordion-730939082-label\">\n\t\t\t\n<p>Meill\u00e4 on t\u00e4ll\u00e4 hetkell\u00e4 10 000 mikro- ja makrovaikuttajaa Suomessa ja 5 000 Isossa-Britanniassa \u2013 yhteis\u00f6mme kasvaa jatkuvasti.<\/p>\n\t\t<\/div>\n\t<\/div>\n\t\n<\/div>\n\t<div id=\"gap-941642061\" class=\"gap-element clearfix\" style=\"display:block; height:auto;\">\n\t\t\n<style>\n#gap-941642061 {\n  padding-top: 4.5rem;\n}\n<\/style>\n\t<\/div>\n\t\n<h3 class=\"accordion_title\">Onko<\/h3><div class=\"accordion faqsection\">\n\t<div id=\"accordion-1528299139\" class=\"accordion-item\">\n\t\t<a id=\"accordion-1528299139-label\" class=\"accordion-title plain active\" href=\"#accordion-item-prospr-saatavilla-vain-suomessa?\" aria-expanded=\"true\" aria-controls=\"accordion-1528299139-content\">\n\t\t\t<button class=\"toggle\" aria-label=\"Toggle\"><i class=\"icon-angle-down\" aria-hidden=\"true\"><\/i><\/button>\n\t\t\t<span>Prospr saatavilla vain Suomessa?<\/span>\n\t\t<\/a>\n\t\t<div id=\"accordion-1528299139-content\" class=\"accordion-inner\" style=\"display: block;\" aria-labelledby=\"accordion-1528299139-label\">\n\t\t\t\n<p>Prospr lanseerataan t\u00e4ll\u00e4 hetkell\u00e4 Suomessa. Kansainv\u00e4linen laajentuminen on suunnitteilla l\u00e4hitulevaisuudessa.<\/p>\n\t\t<\/div>\n\t<\/div>\n\t\n<\/div>\n\t\t<\/div>\n\t\t\t\t\t<\/div>\n\n\t\n<\/div>\n\t\t<\/div>\n\n\t\t\n<style>\n#section_1285332775 {\n  padding-top: 3rem;\n  padding-bottom: 3rem;\n}\n<\/style>\n\t<\/section>\n\t\n\n\t<section class=\"section dark\" id=\"section_1589811567\">\n\t\t<div class=\"section-bg fill\" >\n\t\t\t\t\t\t\t\t\t\n\t\t\t\n\n\t\t<\/div>\n\n\t\t\n\n\t\t<div class=\"section-content relative\">\n\t\t\t\n\t<div id=\"gap-848029774\" class=\"gap-element clearfix\" style=\"display:block; height:auto;\">\n\t\t\n<style>\n#gap-848029774 {\n  padding-top: 2.5rem;\n}\n<\/style>\n\t<\/div>\n\t\n<div class=\"row\"  id=\"row-349133943\">\n\n\t<div id=\"col-1079115555\" class=\"col small-12 large-12\"  >\n\t\t\t\t<div class=\"col-inner text-center\"  >\n\t\t\t\n\t\t\t\n<h2 class=\"titlemaintext\">Valmiina aloittamaan?<\/h2>\n\t<div id=\"gap-936047286\" class=\"gap-element clearfix\" style=\"display:block; height:auto;\">\n\t\t\n<style>\n#gap-936047286 {\n  padding-top: 3rem;\n}\n<\/style>\n\t<\/div>\n\t\n<a href=\"https:\/\/prosprapp.com\/fi\/brandit\/\" class=\"button secondary lowercase buttonone purplebutton1\" style=\"border-radius:99px;\">\n\t\t<span>Varaa demo<\/span>\n\t<\/a>\n\n<a href=\"https:\/\/app.prosprapp.com\/home\" class=\"button secondary lowercase buttonone purplebutton\" style=\"border-radius:99px;\">\n\t\t<span>Liity vaikuttajana<\/span>\n\t<\/a>\n\n\t\t<\/div>\n\t\t\t\t\t<\/div>\n\n\t\n<\/div>\n\t\t<\/div>\n\n\t\t\n<style>\n#section_1589811567 {\n  padding-top: 3rem;\n  padding-bottom: 3rem;\n  background-color: rgb(0,0,0);\n}\n<\/style>\n\t<\/section>\n\t\n","protected":false},"excerpt":{"rendered":"","protected":false},"author":1,"featured_media":0,"parent":0,"menu_order":0,"comment_status":"closed","ping_status":"closed","template":"page-blank.php","meta":{"footnotes":""},"class_list":["post-660","page","type-page","status-publish","hentry"],"_links":{"self":[{"href":"https:\/\/prosprapp.com\/fi\/wp-json\/wp\/v2\/pages\/660","targetHints":{"allow":["GET"]}}],"collection":[{"href":"https:\/\/prosprapp.com\/fi\/wp-json\/wp\/v2\/pages"}],"about":[{"href":"https:\/\/prosprapp.com\/fi\/wp-json\/wp\/v2\/types\/page"}],"author":[{"embeddable":true,"href":"https:\/\/prosprapp.com\/fi\/wp-json\/wp\/v2\/users\/1"}],"replies":[{"embeddable":true,"href":"https:\/\/prosprapp.com\/fi\/wp-json\/wp\/v2\/comments?post=660"}],"version-history":[{"count":8,"href":"https:\/\/prosprapp.com\/fi\/wp-json\/wp\/v2\/pages\/660\/revisions"}],"predecessor-version":[{"id":1044,"href":"https:\/\/prosprapp.com\/fi\/wp-json\/wp\/v2\/pages\/660\/revisions\/1044"}],"wp:attachment":[{"href":"https:\/\/prosprapp.com\/fi\/wp-json\/wp\/v2\/media?parent=660"}],"curies":[{"name":"wp","href":"https:\/\/api.w.org\/{rel}","templated":true}]}}