{"id":656,"date":"2025-12-27T19:34:20","date_gmt":"2025-12-27T19:34:20","guid":{"rendered":"https:\/\/prosprapp.com\/contact\/"},"modified":"2026-04-28T14:04:13","modified_gmt":"2026-04-28T14:04:13","slug":"ota-yhteytta","status":"publish","type":"page","link":"https:\/\/prosprapp.com\/fi\/ota-yhteytta\/","title":{"rendered":"Ota yhteytt\u00e4"},"content":{"rendered":"\n\t<section class=\"section\" id=\"section_2051002311\">\n\t\t<div class=\"section-bg fill\" >\n\t\t\t\t\t\t\t\t\t\n\t\t\t\n\n\t\t<\/div>\n\n\t\t\n\n\t\t<div class=\"section-content relative\">\n\t\t\t\n<div class=\"row align-middle\"  id=\"row-219366687\">\n\n\t<div id=\"col-655586378\" class=\"col medium-10 small-12 large-6\"  data-animate=\"fadeInLeft\">\n\t\t\t\t<div class=\"col-inner\"  >\n\t\t\t\n\t\t\t\n<h1 class=\"titlemaintext\">Ota yhteytt\u00e4.<\/h1>\n<p>Kerro meille, mit\u00e4 tarvitset \u2013 palaamme sinulle nopeasti ja autamme l\u00f6yt\u00e4m\u00e4\u00e4n parhaan tavan edet\u00e4 Prosprin kanssa.<\/p>\n<a href=\"https:\/\/prosprapp.com\/fi\/brandit\/\" class=\"button primary lowercase buttonone orangebutton\" style=\"border-radius:99px;\">\n\t\t<span>Olen br\u00e4ndi<\/span>\n\t<\/a>\n\n<a href=\"https:\/\/prosprapp.com\/fi\/vaikuttajat-ja-affiliaatit\/\" class=\"button secondary is-outline lowercase buttonone purplebuttonoutline\" style=\"border-radius:99px;\">\n\t\t<span>Olen vaikuttaja<\/span>\n\t<\/a>\n\n\t\t<\/div>\n\t\t\t\t\n<style>\n#col-655586378 > .col-inner {\n  padding: 0px 3rem 0px 0px;\n}\n<\/style>\n\t<\/div>\n\n\t\n\n\t<div id=\"col-1309592929\" class=\"col medium-6 small-12 large-6 small-col-first\"  data-animate=\"fadeInRight\">\n\t\t\t\t<div class=\"col-inner\"  >\n\t\t\t\n\t\t\t\n\t<div class=\"img has-hover heromain x md-x lg-x y md-y lg-y\" id=\"image_332585504\">\n\t\t\t\t\t\t\t\t<div class=\"img-inner dark\" >\n\t\t\t<img loading=\"lazy\" decoding=\"async\" width=\"1143\" height=\"1617\" src=\"https:\/\/prosprapp.com\/wp-content\/uploads\/2025\/12\/shutterstock_2024061584.png\" class=\"attachment-original size-original\" alt=\"\" srcset=\"https:\/\/prosprapp.com\/wp-content\/uploads\/2025\/12\/shutterstock_2024061584.png 1143w, https:\/\/prosprapp.com\/wp-content\/uploads\/2025\/12\/shutterstock_2024061584-212x300.png 212w, https:\/\/prosprapp.com\/wp-content\/uploads\/2025\/12\/shutterstock_2024061584-724x1024.png 724w, https:\/\/prosprapp.com\/wp-content\/uploads\/2025\/12\/shutterstock_2024061584-768x1086.png 768w, https:\/\/prosprapp.com\/wp-content\/uploads\/2025\/12\/shutterstock_2024061584-1086x1536.png 1086w\" sizes=\"auto, (max-width: 1143px) 100vw, 1143px\" \/>\t\t\t\t\t\t\n\t\t\t\t\t<\/div>\n\t\t\t\t\t\t\t\t\n<style>\n#image_332585504 {\n  width: 100%;\n}\n<\/style>\n\t<\/div>\n\t\n\t<div class=\"img has-hover pinkgraphic x md-x lg-x y md-y lg-y\" id=\"image_392240251\">\n\t\t\t\t\t\t\t\t<div class=\"img-inner dark\" >\n\t\t\t<img decoding=\"async\" src=\"https:\/\/prosprapp.com\/wp-content\/uploads\/2025\/12\/home-vector-two.svg\" class=\"attachment-original size-original\" alt=\"\" \/>\t\t\t\t\t\t\n\t\t\t\t\t<\/div>\n\t\t\t\t\t\t\t\t\n<style>\n#image_392240251 {\n  width: 100%;\n}\n<\/style>\n\t<\/div>\n\t\n\t\t<\/div>\n\t\t\t\t\t<\/div>\n\n\t\n<\/div>\n<span class=\"scroll-to\" data-label=\"Scroll to: #booknow\" data-bullet=\"false\" data-link=\"#booknow\" data-title=\"booknow\"><a name=\"booknow\"><\/a><\/span>\n\t<div id=\"gap-689017372\" class=\"gap-element clearfix\" style=\"display:block; height:auto;\">\n\t\t\n<style>\n#gap-689017372 {\n  padding-top: 5rem;\n}\n<\/style>\n\t<\/div>\n\t\n<div class=\"row\"  id=\"row-886761899\">\n\n\t<div id=\"col-260221132\" class=\"col small-12 large-12\"  data-animate=\"fadeInUp\">\n\t\t\t\t<div class=\"col-inner\"  >\n\t\t\t\n\t\t\t\n\n<div class=\"wpcf7 no-js\" id=\"wpcf7-f690-o1\" lang=\"en-US\" dir=\"ltr\" data-wpcf7-id=\"690\">\n<div class=\"screen-reader-response\"><p role=\"status\" aria-live=\"polite\" aria-atomic=\"true\"><\/p> <ul><\/ul><\/div>\n<form action=\"\/fi\/wp-json\/wp\/v2\/pages\/656#wpcf7-f690-o1\" method=\"post\" class=\"wpcf7-form init\" aria-label=\"Contact form\" novalidate=\"novalidate\" data-status=\"init\">\n<fieldset class=\"hidden-fields-container\"><input type=\"hidden\" name=\"_wpcf7\" value=\"690\" \/><input type=\"hidden\" name=\"_wpcf7_version\" value=\"6.1.5\" \/><input type=\"hidden\" name=\"_wpcf7_locale\" value=\"en_US\" \/><input type=\"hidden\" name=\"_wpcf7_unit_tag\" value=\"wpcf7-f690-o1\" \/><input type=\"hidden\" name=\"_wpcf7_container_post\" value=\"0\" \/><input type=\"hidden\" name=\"_wpcf7_posted_data_hash\" value=\"\" \/>\n<\/fieldset>\n<div class=\"cf7-form-wrap\">\n\t<div class=\"cf7-grid\">\n\t\t<div class=\"cf7-field\">\n\t\t\t<p><span class=\"wpcf7-form-control-wrap\" data-name=\"first-name\"><input size=\"40\" maxlength=\"400\" class=\"wpcf7-form-control wpcf7-text wpcf7-validates-as-required\" aria-required=\"true\" aria-invalid=\"false\" placeholder=\"Etunimi\" value=\"\" type=\"text\" name=\"first-name\" \/><\/span>\n\t\t\t<\/p>\n\t\t<\/div>\n\t\t<div class=\"cf7-field\">\n\t\t\t<p><span class=\"wpcf7-form-control-wrap\" data-name=\"last-name\"><input size=\"40\" maxlength=\"400\" class=\"wpcf7-form-control wpcf7-text wpcf7-validates-as-required\" aria-required=\"true\" aria-invalid=\"false\" placeholder=\"Sukunimi\" value=\"\" type=\"text\" name=\"last-name\" \/><\/span>\n\t\t\t<\/p>\n\t\t<\/div>\n\t\t<div class=\"cf7-field\">\n\t\t\t<p><span class=\"wpcf7-form-control-wrap\" data-name=\"email\"><input size=\"40\" maxlength=\"400\" class=\"wpcf7-form-control wpcf7-email wpcf7-validates-as-required wpcf7-text wpcf7-validates-as-email\" aria-required=\"true\" aria-invalid=\"false\" placeholder=\"S\u00e4hk\u00f6postiosoite\" value=\"\" type=\"email\" name=\"email\" \/><\/span>\n\t\t\t<\/p>\n\t\t<\/div>\n\t\t<div class=\"cf7-field\">\n\t\t\t<p><span class=\"wpcf7-form-control-wrap\" data-name=\"phone\"><input size=\"40\" maxlength=\"400\" class=\"wpcf7-form-control wpcf7-tel wpcf7-text wpcf7-validates-as-tel\" aria-invalid=\"false\" placeholder=\"Puhelinnumero (valinnainen)\" value=\"\" type=\"tel\" name=\"phone\" \/><\/span>\n\t\t\t<\/p>\n\t\t<\/div>\n\t\t<div class=\"cf7-field\">\n\t\t\t<p><span class=\"wpcf7-form-control-wrap\" data-name=\"select-381\"><select class=\"wpcf7-form-control wpcf7-select\" aria-invalid=\"false\" name=\"select-381\"><option value=\"br\u00e4ndi\">br\u00e4ndi<\/option><option value=\"vaikuttaja\">vaikuttaja<\/option><option value=\"yleinen tiedustelu\">yleinen tiedustelu<\/option><option value=\"media\">media<\/option><\/select><\/span>\n\t\t\t<\/p>\n\t\t<\/div>\n\t\t<div class=\"cf7-field\">\n\t\t\t<p><span class=\"wpcf7-form-control-wrap\" data-name=\"subject\"><input size=\"40\" maxlength=\"400\" class=\"wpcf7-form-control wpcf7-text wpcf7-validates-as-required\" aria-required=\"true\" aria-invalid=\"false\" placeholder=\"Aihe\" value=\"\" type=\"text\" name=\"subject\" \/><\/span>\n\t\t\t<\/p>\n\t\t<\/div>\n\t\t<div class=\"cf7-field cf7-field--full\">\n\t\t\t<p><span class=\"wpcf7-form-control-wrap\" data-name=\"message\"><textarea cols=\"40\" rows=\"10\" maxlength=\"2000\" class=\"wpcf7-form-control wpcf7-textarea wpcf7-validates-as-required\" aria-required=\"true\" aria-invalid=\"false\" placeholder=\"Viestisi\" name=\"message\"><\/textarea><\/span>\n\t\t\t<\/p>\n\t\t<\/div>\n\t\t<div class=\"cf7-actions\">\n\t\t\t<p><input class=\"wpcf7-form-control wpcf7-submit has-spinner cf7-submit\" type=\"submit\" value=\"Ota yhteytt\u00e4\" \/>\n\t\t\t<\/p>\n\t\t<\/div>\n\t<\/div>\n<\/div><div class=\"wpcf7-response-output\" aria-hidden=\"true\"><\/div>\n<\/form>\n<\/div>\n\n\t\t<\/div>\n\t\t\t\t\n<style>\n#col-260221132 > .col-inner {\n  padding: 2rem 20px 1rem 20px;\n  border-radius: 20px;\n}\n@media (min-width:550px) {\n  #col-260221132 > .col-inner {\n    padding: 7rem 3.8rem 3rem 3.8rem;\n  }\n}\n<\/style>\n\t<\/div>\n\n\t\n\n<style>\n#row-886761899 > .col > .col-inner {\n  background-color: #ffa1ff;\n}\n<\/style>\n<\/div>\n\t\t<\/div>\n\n\t\t\n<style>\n#section_2051002311 {\n  padding-top: 3rem;\n  padding-bottom: 3rem;\n  min-height: 50px;\n}\n@media (min-width:550px) {\n  #section_2051002311 {\n    padding-top: 30px;\n    padding-bottom: 30px;\n    min-height: 90vh;\n  }\n}\n<\/style>\n\t<\/section>\n\t\n\n\t<section class=\"section dark\" id=\"section_1561773784\">\n\t\t<div class=\"section-bg fill\" >\n\t\t\t\t\t\t\t\t\t\n\t\t\t\n\n\t\t<\/div>\n\n\t\t\n\n\t\t<div class=\"section-content relative\">\n\t\t\t\n\t<div id=\"gap-54570367\" class=\"gap-element clearfix\" style=\"display:block; height:auto;\">\n\t\t\n<style>\n#gap-54570367 {\n  padding-top: 2.5rem;\n}\n<\/style>\n\t<\/div>\n\t\n<div class=\"row\"  id=\"row-98784618\">\n\n\t<div id=\"col-1126606098\" class=\"col small-12 large-12\"  data-animate=\"fadeInUp\">\n\t\t\t\t<div class=\"col-inner text-center\"  >\n\t\t\t\n\t\t\t\n<h2 class=\"titlemaintext\">Valmiina aloittamaan?<\/h2>\n\t<div id=\"gap-717584125\" class=\"gap-element clearfix\" style=\"display:block; height:auto;\">\n\t\t\n<style>\n#gap-717584125 {\n  padding-top: 3rem;\n}\n<\/style>\n\t<\/div>\n\t\n<a href=\"https:\/\/prosprapp.com\/fi\/ota-yhteytta\/#booknow\" class=\"button secondary lowercase buttonone purplebutton1\" style=\"border-radius:99px;\">\n\t\t<span>Varaa demo<\/span>\n\t<\/a>\n\n<a href=\"https:\/\/app.prosprapp.com\/home\" class=\"button secondary lowercase buttonone purplebutton\" style=\"border-radius:99px;\">\n\t\t<span>Liity vaikuttajana<\/span>\n\t<\/a>\n\n\t\t<\/div>\n\t\t\t\t\t<\/div>\n\n\t\n<\/div>\n\t\t<\/div>\n\n\t\t\n<style>\n#section_1561773784 {\n  padding-top: 3rem;\n  padding-bottom: 3rem;\n  background-color: rgb(0,0,0);\n}\n<\/style>\n\t<\/section>\n\t\n","protected":false},"excerpt":{"rendered":"","protected":false},"author":1,"featured_media":0,"parent":0,"menu_order":0,"comment_status":"closed","ping_status":"closed","template":"page-blank.php","meta":{"footnotes":""},"class_list":["post-656","page","type-page","status-publish","hentry"],"_links":{"self":[{"href":"https:\/\/prosprapp.com\/fi\/wp-json\/wp\/v2\/pages\/656","targetHints":{"allow":["GET"]}}],"collection":[{"href":"https:\/\/prosprapp.com\/fi\/wp-json\/wp\/v2\/pages"}],"about":[{"href":"https:\/\/prosprapp.com\/fi\/wp-json\/wp\/v2\/types\/page"}],"author":[{"embeddable":true,"href":"https:\/\/prosprapp.com\/fi\/wp-json\/wp\/v2\/users\/1"}],"replies":[{"embeddable":true,"href":"https:\/\/prosprapp.com\/fi\/wp-json\/wp\/v2\/comments?post=656"}],"version-history":[{"count":7,"href":"https:\/\/prosprapp.com\/fi\/wp-json\/wp\/v2\/pages\/656\/revisions"}],"predecessor-version":[{"id":1037,"href":"https:\/\/prosprapp.com\/fi\/wp-json\/wp\/v2\/pages\/656\/revisions\/1037"}],"wp:attachment":[{"href":"https:\/\/prosprapp.com\/fi\/wp-json\/wp\/v2\/media?parent=656"}],"curies":[{"name":"wp","href":"https:\/\/api.w.org\/{rel}","templated":true}]}}