{"id":654,"date":"2025-12-27T19:34:10","date_gmt":"2025-12-27T19:34:10","guid":{"rendered":"https:\/\/prosprapp.com\/about\/"},"modified":"2026-04-29T07:58:18","modified_gmt":"2026-04-29T07:58:18","slug":"tietoa-meista","status":"publish","type":"page","link":"https:\/\/prosprapp.com\/fi\/tietoa-meista\/","title":{"rendered":"Tietoa meist\u00e4"},"content":{"rendered":"\n\t<section class=\"section\" id=\"section_1378733939\">\n\t\t<div class=\"section-bg fill\" >\n\t\t\t\t\t\t\t\t\t\n\t\t\t\n\n\t\t<\/div>\n\n\t\t\n\n\t\t<div class=\"section-content relative\">\n\t\t\t\n<div class=\"row align-middle\"  id=\"row-1458155373\">\n\n\t<div id=\"col-1330321551\" class=\"col medium-12 small-12 large-12\"  data-animate=\"fadeInUp\">\n\t\t\t\t<div class=\"col-inner\"  >\n\t\t\t\n\t\t\t\n\t<div id=\"gap-2069086259\" class=\"gap-element clearfix\" style=\"display:block; height:auto;\">\n\t\t\n<style>\n#gap-2069086259 {\n  padding-top: 0px;\n}\n@media (min-width:550px) {\n  #gap-2069086259 {\n    padding-top: 5rem;\n  }\n}\n<\/style>\n\t<\/div>\n\t\n<h1 class=\"titlemaintext\" style=\"font-size: 4.7rem;\"><span style=\"font-weight: 400;\">Rakennamme l\u00e4pin\u00e4ky&shy;v\u00e4mp\u00e4\u00e4 tulevaisuutta vaikuttaja&shy;markkinointiin <\/span><\/h1>\n<p><span style=\"font-weight: 400;\">Prosprin tavoite on olla maailman luotettavin toimija teko\u00e4lypohjaisessa vaikuttajamarkkinoinnissa. Luomme uuden globaalin standardin l\u00e4pin\u00e4kyville ja tuloksiin perustuville yhteist\u00f6ille.<\/span><\/p>\n<a class=\"button primary lowercase buttonone orangebutton hidden\" style=\"border-radius:99px;\">\n\t\t<span>Painike t\u00e4h\u00e4n<\/span>\n\t<\/a>\n\n<a class=\"button secondary is-outline lowercase buttonone purplebuttonoutline hidden\" style=\"border-radius:99px;\">\n\t\t<span>Painike t\u00e4h\u00e4n<\/span>\n\t<\/a>\n\n\t\t<\/div>\n\t\t\t\t\n<style>\n#col-1330321551 > .col-inner {\n  padding: 0px 0px 0px 0px;\n}\n<\/style>\n\t<\/div>\n\n\t\n<\/div>\n\t<div id=\"gap-545759098\" class=\"gap-element clearfix\" style=\"display:block; height:auto;\">\n\t\t\n<style>\n#gap-545759098 {\n  padding-top: 0px;\n}\n@media (min-width:550px) {\n  #gap-545759098 {\n    padding-top: 3rem;\n  }\n}\n<\/style>\n\t<\/div>\n\t\n\t\t<\/div>\n\n\t\t\n<style>\n#section_1378733939 {\n  padding-top: 3rem;\n  padding-bottom: 3rem;\n}\n@media (min-width:550px) {\n  #section_1378733939 {\n    padding-top: 30px;\n    padding-bottom: 30px;\n  }\n}\n<\/style>\n\t<\/section>\n\t\n\n\t<section class=\"section\" id=\"section_209623347\">\n\t\t<div class=\"section-bg fill\" >\n\t\t\t\t\t\t\t\t\t\n\t\t\t\n\n\t\t<\/div>\n\n\t\t\n\n\t\t<div class=\"section-content relative\">\n\t\t\t\n<div class=\"row\"  id=\"row-223009471\">\n\n\t<div id=\"col-1486182402\" class=\"col small-12 large-12\"  >\n\t\t\t\t<div class=\"col-inner\"  >\n\t\t\t\n\t\t\t\n\t<div id=\"gap-346023327\" class=\"gap-element clearfix\" style=\"display:block; height:auto;\">\n\t\t\n<style>\n#gap-346023327 {\n  padding-top: 2rem;\n}\n@media (min-width:550px) {\n  #gap-346023327 {\n    padding-top: 4rem;\n  }\n}\n<\/style>\n\t<\/div>\n\t\n\t\t<\/div>\n\t\t\t\t\t<\/div>\n\n\t\n<\/div>\n\n<div class=\"row align-middle\"  id=\"row-356967478\">\n\n\t<div id=\"col-1341731695\" class=\"col medium-8 small-12 large-8\"  data-animate=\"fadeInLeft\">\n\t\t\t\t<div class=\"col-inner\"  >\n\t\t\t\n\t\t\t\n<h2 class=\"titleheadertext\"><span style=\"font-weight: 400;\">Miksi Prospr?<\/span><\/h2>\n<h4 class=\"iconheader\"><span style=\"font-weight: 400;\">Prospr syntyi korjaamaan sen, mik\u00e4 vaikuttajamarkkinoinnissa ei toimi.<\/span><\/h4>\n<p><span style=\"font-weight: 400;\">Liian pitk\u00e4\u00e4n br\u00e4ndit ovat kamppailleet ep\u00e4selv\u00e4n ROI:n kanssa, samalla kun vaikuttajat ja affiliaatit joutuvat taistelemaan ep\u00e4reilujen palkkioiden, ristiriitaisten yhteisty\u00f6suhteiden ja l\u00e4pin\u00e4kyvyyden puutteen kanssa.<\/span><\/p>\n<p><span style=\"font-weight: 400;\">Uskomme, ett\u00e4 vaikuttajamarkkinointi toimii parhaiten, kun molemmat osapuolet kasvavat yhdess\u00e4. Prospr hy\u00f6dynt\u00e4\u00e4 teknologiaa luodakseen reiluja, mitattavia ja luotettavia kumppanuuksia, jotta br\u00e4ndit voivat investoida luottavaisin mielin ja vaikuttajat rakentaa kest\u00e4vi\u00e4 tulovirtoja. <\/span><\/p>\n<p><span style=\"font-weight: 400;\">Prospr kasvattaa ja vaalii menestyst\u00e4 molemmille: br\u00e4ndeille ja sis\u00e4ll\u00f6ntuottajille.<\/span><\/p>\n<a href=\"https:\/\/prosprapp.com\/fi\/ota-yhteytta\/\" class=\"button secondary is-outline lowercase buttonone purplebuttonoutline\" style=\"border-radius:99px;\">\n\t\t<span>Varaa demo<\/span>\n\t<\/a>\n\n<a href=\"https:\/\/app.prosprapp.com\/home\" class=\"button primary lowercase buttonone orangebutton\" style=\"border-radius:99px;\">\n\t\t<span>Lataa sovellus<\/span>\n\t<\/a>\n\n\t\t<\/div>\n\t\t\t\t\t<\/div>\n\n\t\n\n\t<div id=\"col-2068815292\" class=\"col medium-4 small-12 large-4 small-col-first\"  data-animate=\"fadeInRight\">\n\t\t\t\t<div class=\"col-inner\"  >\n\t\t\t\n\t\t\t\n\t<div class=\"img has-hover x md-x lg-x y md-y lg-y\" id=\"image_1491400396\">\n\t\t\t\t\t\t\t\t<div class=\"img-inner dark\" >\n\t\t\t<img loading=\"lazy\" decoding=\"async\" width=\"1580\" height=\"2156\" src=\"https:\/\/prosprapp.com\/wp-content\/uploads\/2026\/01\/happy-young-black-teacher-giving-online-lecture-using-smartphone-communicate-with-students-from-home-1.png\" class=\"attachment-original size-original\" alt=\"\" srcset=\"https:\/\/prosprapp.com\/wp-content\/uploads\/2026\/01\/happy-young-black-teacher-giving-online-lecture-using-smartphone-communicate-with-students-from-home-1.png 1580w, https:\/\/prosprapp.com\/wp-content\/uploads\/2026\/01\/happy-young-black-teacher-giving-online-lecture-using-smartphone-communicate-with-students-from-home-1-220x300.png 220w, https:\/\/prosprapp.com\/wp-content\/uploads\/2026\/01\/happy-young-black-teacher-giving-online-lecture-using-smartphone-communicate-with-students-from-home-1-750x1024.png 750w, https:\/\/prosprapp.com\/wp-content\/uploads\/2026\/01\/happy-young-black-teacher-giving-online-lecture-using-smartphone-communicate-with-students-from-home-1-768x1048.png 768w, https:\/\/prosprapp.com\/wp-content\/uploads\/2026\/01\/happy-young-black-teacher-giving-online-lecture-using-smartphone-communicate-with-students-from-home-1-1126x1536.png 1126w, https:\/\/prosprapp.com\/wp-content\/uploads\/2026\/01\/happy-young-black-teacher-giving-online-lecture-using-smartphone-communicate-with-students-from-home-1-1501x2048.png 1501w\" sizes=\"auto, (max-width: 1580px) 100vw, 1580px\" \/>\t\t\t\t\t\t\n\t\t\t\t\t<\/div>\n\t\t\t\t\t\t\t\t\n<style>\n#image_1491400396 {\n  width: 100%;\n}\n<\/style>\n\t<\/div>\n\t\n\t\t<\/div>\n\t\t\t\t\t<\/div>\n\n\t\n<\/div>\n\t\t<\/div>\n\n\t\t\n<style>\n#section_209623347 {\n  padding-top: 30px;\n  padding-bottom: 30px;\n  background-color: rgb(251, 251, 251);\n}\n<\/style>\n\t<\/section>\n\t\n\n\t<section class=\"section\" id=\"section_996721610\">\n\t\t<div class=\"section-bg fill\" >\n\t\t\t\t\t\t\t\t\t\n\t\t\t\n\n\t\t<\/div>\n\n\t\t\n\n\t\t<div class=\"section-content relative\">\n\t\t\t\n<div class=\"row\"  id=\"row-1074861840\">\n\n\t<div id=\"col-338238681\" class=\"col small-12 large-12\"  data-animate=\"fadeInUp\">\n\t\t\t\t<div class=\"col-inner\"  >\n\t\t\t\n\t\t\t\n\t<div id=\"gap-1892889346\" class=\"gap-element clearfix\" style=\"display:block; height:auto;\">\n\t\t\n<style>\n#gap-1892889346 {\n  padding-top: 1rem;\n}\n@media (min-width:550px) {\n  #gap-1892889346 {\n    padding-top: 3rem;\n  }\n}\n<\/style>\n\t<\/div>\n\t\n<h2 class=\"titleheadertext\"><span style=\"font-weight: 400;\">Meid\u00e4n mielest\u00e4mme<\/span><\/h2>\n\t<div id=\"gap-2096238365\" class=\"gap-element clearfix\" style=\"display:block; height:auto;\">\n\t\t\n<style>\n#gap-2096238365 {\n  padding-top: 2rem;\n}\n@media (min-width:550px) {\n  #gap-2096238365 {\n    padding-top: 4rem;\n  }\n}\n<\/style>\n\t<\/div>\n\t\n<div class=\"row align-bottom\"  id=\"row-1933569095\">\n\n\t<div id=\"col-258285594\" class=\"col medium-8 small-12 large-8\"  >\n\t\t\t\t<div class=\"col-inner dark\"  >\n\t\t\t\n\t\t\t\n<p class=\"buildtext\">Vaikuttavuuden tulee olla mitattavissa<\/p>\n\t<div id=\"gap-155121888\" class=\"gap-element clearfix\" style=\"display:block; height:auto;\">\n\t\t\n<style>\n#gap-155121888 {\n  padding-top: 10px;\n}\n<\/style>\n\t<\/div>\n\t\n<p class=\"buildtext\">Tuloksista tulee palkita oikeudenmukaisesti<\/p>\n\t<div id=\"gap-1458948680\" class=\"gap-element clearfix\" style=\"display:block; height:auto;\">\n\t\t\n<style>\n#gap-1458948680 {\n  padding-top: 10px;\n}\n<\/style>\n\t<\/div>\n\t\n<p class=\"buildtext\">L\u00e4pin\u00e4kyvyys rakentaa luottamusta<\/p>\n\t<div id=\"gap-687462941\" class=\"gap-element clearfix\" style=\"display:block; height:auto;\">\n\t\t\n<style>\n#gap-687462941 {\n  padding-top: 10px;\n}\n<\/style>\n\t<\/div>\n\t\n<p class=\"buildtext\">Teknologia tukee ihmisi\u00e4, ei korvaa heit\u00e4<\/p>\n\t<div id=\"gap-1433353318\" class=\"gap-element clearfix\" style=\"display:block; height:auto;\">\n\t\t\n<style>\n#gap-1433353318 {\n  padding-top: 10px;\n}\n<\/style>\n\t<\/div>\n\t\n<p class=\"buildtext\">Pitk\u00e4aikaiset kumppanuudet tuottavat parempia tuloksia<\/p>\n\t\t<\/div>\n\t\t\t\t\t<\/div>\n\n\t\n\n\t<div id=\"col-1743147130\" class=\"col medium-4 small-12 large-4\"  data-animate=\"fadeInRight\">\n\t\t\t\t<div class=\"col-inner\"  >\n\t\t\t\n\t\t\t\n\t<div class=\"img has-hover x md-x lg-x y md-y lg-y\" id=\"image_115173814\">\n\t\t\t\t\t\t\t\t<div class=\"img-inner dark\" >\n\t\t\t<img loading=\"lazy\" decoding=\"async\" width=\"1671\" height=\"2560\" src=\"https:\/\/prosprapp.com\/wp-content\/uploads\/2025\/12\/shutterstock_754158427-scaled.png\" class=\"attachment-original size-original\" alt=\"\" srcset=\"https:\/\/prosprapp.com\/wp-content\/uploads\/2025\/12\/shutterstock_754158427-scaled.png 1671w, https:\/\/prosprapp.com\/wp-content\/uploads\/2025\/12\/shutterstock_754158427-196x300.png 196w, https:\/\/prosprapp.com\/wp-content\/uploads\/2025\/12\/shutterstock_754158427-668x1024.png 668w, https:\/\/prosprapp.com\/wp-content\/uploads\/2025\/12\/shutterstock_754158427-768x1177.png 768w, https:\/\/prosprapp.com\/wp-content\/uploads\/2025\/12\/shutterstock_754158427-1003x1536.png 1003w, https:\/\/prosprapp.com\/wp-content\/uploads\/2025\/12\/shutterstock_754158427-1337x2048.png 1337w\" sizes=\"auto, (max-width: 1671px) 100vw, 1671px\" \/>\t\t\t\t\t\t\n\t\t\t\t\t<\/div>\n\t\t\t\t\t\t\t\t\n<style>\n#image_115173814 {\n  width: 100%;\n}\n<\/style>\n\t<\/div>\n\t\n\t\t<\/div>\n\t\t\t\t\t<\/div>\n\n\t\n<\/div>\n\t\t<\/div>\n\t\t\t\t\t<\/div>\n\n\t\n<\/div>\n\t\t<\/div>\n\n\t\t\n<style>\n#section_996721610 {\n  padding-top: 3rem;\n  padding-bottom: 3rem;\n}\n<\/style>\n\t<\/section>\n\t\n\n\t<section class=\"section leftpaddingone\" id=\"section_1954112202\">\n\t\t<div class=\"section-bg fill\" >\n\t\t\t\t\t\t\t\t\t\n\t\t\t\n\n\t\t<\/div>\n\n\t\t\n\n\t\t<div class=\"section-content relative\">\n\t\t\t\n<div class=\"row\"  id=\"row-905771422\">\n\n\t<div id=\"col-1085022403\" class=\"col small-12 large-12\"  data-animate=\"fadeInUp\">\n\t\t\t\t<div class=\"col-inner\"  >\n\t\t\t\n\t\t\t\n<h2 class=\"titleheadertext\">Tarinamme<\/h2>\n<p>Prosprin perustivat alan johtavat asiantuntijat, joilla on syv\u00e4llinen kokemus affiliate-markkinoinnista, kasvustrategioista ja monimutkaisten verkostojen rakentamisesta. He tiesiv\u00e4t, miten vaikuttajamarkkinointi toimii \u2013 ja miten se ei toimi.<\/p>\n<p>Siksi he loivat alustan, joka tekee siit\u00e4 reilumpaa ja l\u00e4pin\u00e4kyv\u00e4mp\u00e4\u00e4. Alustan, joka rakentuu datan, luottamuksen ja pitk\u00e4aikaisten kumppanuuksien varaan.<\/p>\n\t<div id=\"gap-1119482662\" class=\"gap-element clearfix\" style=\"display:block; height:auto;\">\n\t\t\n<style>\n#gap-1119482662 {\n  padding-top: 8rem;\n}\n<\/style>\n\t<\/div>\n\t\n<div class=\"row align-equal\"  id=\"row-672453926\">\n\n\t<div id=\"col-1177760507\" class=\"col orangebg medium-4 small-12 large-4\"  data-animate=\"fadeInLeft\">\n\t\t\t\t<div class=\"col-inner\" style=\"background-color:#f68121;\" >\n\t\t\t\n\t\t\t\n\t<div class=\"box has-hover cofoundersec  has-hover box-text-bottom\" >\n\n\t\t<div class=\"box-image\" >\n\t\t\t\t\t\t<div class=\"\" >\n\t\t\t\t<img loading=\"lazy\" decoding=\"async\" width=\"935\" height=\"1015\" src=\"https:\/\/prosprapp.com\/wp-content\/uploads\/2026\/01\/headshot-two.jpg\" class=\"attachment-original size-original\" alt=\"\" srcset=\"https:\/\/prosprapp.com\/wp-content\/uploads\/2026\/01\/headshot-two.jpg 935w, https:\/\/prosprapp.com\/wp-content\/uploads\/2026\/01\/headshot-two-276x300.jpg 276w, https:\/\/prosprapp.com\/wp-content\/uploads\/2026\/01\/headshot-two-768x834.jpg 768w\" sizes=\"auto, (max-width: 935px) 100vw, 935px\" \/>\t\t\t\t\t\t\t\t\t\t\t<\/div>\n\t\t\t\t\t<\/div>\n\n\t\t<div class=\"box-text text-left dark\" style=\"padding:0px 20px 4rem 20px;\">\n\t\t\t<div class=\"box-text-inner\">\n\t\t\t\t\n<h4 class=\"iconheader\" style=\"margin-top: -1rem;\">Eerika Yaropolskiy<\/h4>\n<p><strong>Co-Founder \/ COO<\/strong><br \/>Suomen johtava affiliate-markkinoinnin asiantuntija. Eerikalla on laaja kansainv\u00e4linen kokemus kiertue- ja projektijohtamisesta, monimutkaisten operatiivisten kokonaisuuksien toteutuksesta sek\u00e4 suurten hajautettujen tiimien johtamisesta. H\u00e4nen syv\u00e4llinen ymm\u00e4rryksens\u00e4 tulospohjaisesta markkinoinnista ja mikrovaikuttamisesta on keskeinen osa Prosprin l\u00e4pin\u00e4kyv\u00e4\u00e4 ja tulosl\u00e4ht\u00f6ist\u00e4 toimintamallia.<\/p>\n<p>Ota yhteytt\u00e4: eerika@prosprapp.com<\/p>\n\t\t\t<\/div>\n\t\t<\/div>\n\t<\/div>\n\t\n\t\t<\/div>\n\t\t\t\t\t<\/div>\n\n\t\n\n\t<div id=\"col-136894543\" class=\"col orangebg medium-4 small-12 large-4\"  data-animate=\"fadeInRight\">\n\t\t\t\t<div class=\"col-inner\" style=\"background-color:rgb(255, 161, 255);\" >\n\t\t\t\n\t\t\t\n\t<div class=\"box has-hover cofoundersec  has-hover box-text-bottom\" >\n\n\t\t<div class=\"box-image\" >\n\t\t\t\t\t\t<div class=\"\" >\n\t\t\t\t<img loading=\"lazy\" decoding=\"async\" width=\"935\" height=\"1015\" src=\"https:\/\/prosprapp.com\/wp-content\/uploads\/2026\/01\/headshot-one.jpg\" class=\"attachment-original size-original\" alt=\"\" srcset=\"https:\/\/prosprapp.com\/wp-content\/uploads\/2026\/01\/headshot-one.jpg 935w, https:\/\/prosprapp.com\/wp-content\/uploads\/2026\/01\/headshot-one-276x300.jpg 276w, https:\/\/prosprapp.com\/wp-content\/uploads\/2026\/01\/headshot-one-768x834.jpg 768w\" sizes=\"auto, (max-width: 935px) 100vw, 935px\" \/>\t\t\t\t\t\t\t\t\t\t\t<\/div>\n\t\t\t\t\t<\/div>\n\n\t\t<div class=\"box-text text-left dark\" style=\"padding:0px 20px 4rem 20px;\">\n\t\t\t<div class=\"box-text-inner\">\n\t\t\t\t\n<h4 class=\"iconheader\" style=\"margin-top: -1rem;\">Veera Ullah<\/h4>\n<p><strong>Co-Founder \/ CEO<\/strong><br \/>Vision\u00e4\u00e4rinen yhteiskuntatieteilij\u00e4 ja strateginen liiketoiminnan kehitt\u00e4j\u00e4. Veera on erikoistunut liiketoimintamallien ja verkostojen rakentamiseen. H\u00e4nen vahva kokemuksensa kasvuhankkeiden johtamisesta ja startup-ekosysteemien kehitt\u00e4misest\u00e4 tuo Prosprin teknologiaan ihmisl\u00e4ht\u00f6isen n\u00e4k\u00f6kulman ja ohjaa alustan pitk\u00e4j\u00e4nteist\u00e4 strategiaa.<br \/>Ota yhteytt\u00e4: veera@prosprapp.com\u00a0<\/p>\n\t\t\t<\/div>\n\t\t<\/div>\n\t<\/div>\n\t\n\t\t<\/div>\n\t\t\t\t\n<style>\n#col-136894543 > .col-inner {\n  margin: 6rem 0px 0px 0px;\n}\n@media (min-width:550px) {\n  #col-136894543 > .col-inner {\n    margin: 0px 0px 0px 0px;\n  }\n}\n<\/style>\n\t<\/div>\n\n\t\n\n\t<div id=\"col-102598843\" class=\"col orangebg medium-4 small-12 large-4\"  data-animate=\"fadeInRight\">\n\t\t\t\t<div class=\"col-inner\" style=\"background-color:rgb(124, 126, 231);\" >\n\t\t\t\n\t\t\t\n\t<div class=\"box has-hover cofoundersec  has-hover box-text-bottom\" >\n\n\t\t<div class=\"box-image\" >\n\t\t\t\t\t\t<div class=\"\" >\n\t\t\t\t<img loading=\"lazy\" decoding=\"async\" width=\"800\" height=\"800\" src=\"https:\/\/prosprapp.com\/wp-content\/uploads\/2026\/04\/Panu-CTO-Prospr-1.jpg\" class=\"attachment-original size-original\" alt=\"\" srcset=\"https:\/\/prosprapp.com\/wp-content\/uploads\/2026\/04\/Panu-CTO-Prospr-1.jpg 800w, https:\/\/prosprapp.com\/wp-content\/uploads\/2026\/04\/Panu-CTO-Prospr-1-300x300.jpg 300w, https:\/\/prosprapp.com\/wp-content\/uploads\/2026\/04\/Panu-CTO-Prospr-1-150x150.jpg 150w, https:\/\/prosprapp.com\/wp-content\/uploads\/2026\/04\/Panu-CTO-Prospr-1-768x768.jpg 768w\" sizes=\"auto, (max-width: 800px) 100vw, 800px\" \/>\t\t\t\t\t\t\t\t\t\t\t<\/div>\n\t\t\t\t\t<\/div>\n\n\t\t<div class=\"box-text text-left dark\" style=\"padding:0px 20px 4rem 20px;\">\n\t\t\t<div class=\"box-text-inner\">\n\t\t\t\t\n<h4 class=\"iconheader\" style=\"margin-top: -1rem;\">Panu H\u00e4llfors<\/h4>\n<p><strong>Co-Founder \/ CTO<\/strong><br \/>Panu on kokenut teknologiajohtaja ja ohjelmistoyritt\u00e4j\u00e4, jolla on yli 25 vuoden kokemus digitaalisten tuotteiden, startup-yritysten ja kansainv\u00e4listen teknologialiiketoimintojen rakentamisesta. Toimittuaan johtoteht\u00e4viss\u00e4 useissa startup-yrityksiss\u00e4 sek\u00e4 suuremmissa yhti\u00f6iss\u00e4 kuten CGI:ss\u00e4, Digiassa ja Assa Abloylla, h\u00e4n yhdist\u00e4\u00e4 teknisen asiantuntemuksen kykyyn skaalata monimutkaisia j\u00e4rjestelmi\u00e4.<br \/>Ota yhteytt\u00e4: panu@prosprapp.com\u00a0<\/p>\n\t\t\t<\/div>\n\t\t<\/div>\n\t<\/div>\n\t\n\t\t<\/div>\n\t\t\t\t\n<style>\n#col-102598843 > .col-inner {\n  margin: 6rem 0px 0px 0px;\n}\n@media (min-width:550px) {\n  #col-102598843 > .col-inner {\n    margin: 0px 0px 0px 0px;\n  }\n}\n<\/style>\n\t<\/div>\n\n\t\n<\/div>\n\t\t<\/div>\n\t\t\t\t\t<\/div>\n\n\t\n<\/div>\n\t\t<\/div>\n\n\t\t\n<style>\n#section_1954112202 {\n  padding-top: 30px;\n  padding-bottom: 30px;\n}\n<\/style>\n\t<\/section>\n\t\n\n\t<section class=\"section\" id=\"section_1000407598\">\n\t\t<div class=\"section-bg fill\" >\n\t\t\t\t\t\t\t\t\t\n\t\t\t\n\n\t\t<\/div>\n\n\t\t\n\n\t\t<div class=\"section-content relative\">\n\t\t\t\n<div class=\"row align-middle\"  id=\"row-2094470651\">\n\n\t<div id=\"col-396206321\" class=\"col medium-6 small-12 large-6\"  data-animate=\"fadeInRight\">\n\t\t\t\t<div class=\"col-inner\"  >\n\t\t\t\n\t\t\t\n\t<div class=\"box has-hover iconboximg  has-hover box-text-bottom\" >\n\n\t\t<div class=\"box-image\" >\n\t\t\t\t\t\t<div class=\"\" >\n\t\t\t\t<img decoding=\"async\" src=\"https:\/\/prosprapp.com\/wp-content\/uploads\/2026\/01\/petal-purple.svg\" class=\"attachment-original size-original\" alt=\"\" \/>\t\t\t\t\t\t\t\t\t\t\t<\/div>\n\t\t\t\t\t<\/div>\n\n\t\t<div class=\"box-text text-left\" >\n\t\t\t<div class=\"box-text-inner\">\n\t\t\t\t\n<h2 class=\"titleheadertext\" style=\"margin-bottom: 20px;\">Luottamusta teknologian avulla<\/h2>\n<p>Prospr yhdist\u00e4\u00e4 br\u00e4ndit ja vaikuttajat teko\u00e4lyn avulla, tuo l\u00e4pin\u00e4kyv\u00e4n seurannan ja eettisen alustasuunnittelun ymp\u00e4rist\u00f6\u00f6n, jossa br\u00e4ndit ja vaikuttajat voivat tehd\u00e4 yhteisty\u00f6t\u00e4 luottavaisin mielin. Uskomme, ett\u00e4 data ja k\u00e4ytt\u00e4j\u00e4yst\u00e4v\u00e4llisyys auttavat ihmisi\u00e4 kasvamaan menestyksekk\u00e4iden kumppanuuksien kautta.<\/p>\n\t\t\t<\/div>\n\t\t<\/div>\n\t<\/div>\n\t\n\t\t<\/div>\n\t\t\t\t\t<\/div>\n\n\t\n<\/div>\n\t\t<\/div>\n\n\t\t\n<style>\n#section_1000407598 {\n  padding-top: 4rem;\n  padding-bottom: 4rem;\n  background-color: rgb(251, 251, 251);\n}\n<\/style>\n\t<\/section>\n\t\n\n\t<section class=\"section dark\" id=\"section_282068536\">\n\t\t<div class=\"section-bg fill\" >\n\t\t\t\t\t\t\t\t\t\n\t\t\t\n\n\t\t<\/div>\n\n\t\t\n\n\t\t<div class=\"section-content relative\">\n\t\t\t\n\t<div id=\"gap-1030747107\" class=\"gap-element clearfix\" style=\"display:block; height:auto;\">\n\t\t\n<style>\n#gap-1030747107 {\n  padding-top: 2.5rem;\n}\n<\/style>\n\t<\/div>\n\t\n<div class=\"row\"  id=\"row-155586587\">\n\n\t<div id=\"col-854225129\" class=\"col small-12 large-12\"  data-animate=\"fadeInUp\">\n\t\t\t\t<div class=\"col-inner text-center\"  >\n\t\t\t\n\t\t\t\n<h2 class=\"titlemaintext\">Ota yhteytt\u00e4<\/h2>\n<p style=\"font-size: 1.625rem; font-style: normal; font-weight: 400; line-height: 1.365; margin-top: 45px;\">Rakennamme Prospria yhdess\u00e4 br\u00e4ndien, vaikuttajien ja kumppaneiden kanssa maailmanlaajuisesti.<\/p>\n<p><a href=\"mailto:hello@prosprapp.com\">hello@prosprapp.com<\/a> | <a href=\"https:\/\/www.linkedin.com\/company\/prosprapp\/\" target=\"_blank\" rel=\"noopener\">LinkedIn<\/a> | <a href=\"https:\/\/www.instagram.com\/prospr_app\" target=\"_blank\" rel=\"noopener\">Instagram<\/a><\/p>\n\t<div id=\"gap-1236945973\" class=\"gap-element clearfix\" style=\"display:block; height:auto;\">\n\t\t\n<style>\n#gap-1236945973 {\n  padding-top: 2rem;\n}\n<\/style>\n\t<\/div>\n\t\n<a href=\"https:\/\/prosprapp.com\/fi\/ota-yhteytta\/\" class=\"button secondary lowercase buttonone purplebutton\" style=\"border-radius:99px;\">\n\t\t<span>Ota yhteytt\u00e4<\/span>\n\t<\/a>\n\n\t\t<\/div>\n\t\t\t\t\t<\/div>\n\n\t\n<\/div>\n\t\t<\/div>\n\n\t\t\n<style>\n#section_282068536 {\n  padding-top: 3rem;\n  padding-bottom: 3rem;\n  background-color: rgb(0,0,0);\n}\n<\/style>\n\t<\/section>\n\t\n","protected":false},"excerpt":{"rendered":"","protected":false},"author":1,"featured_media":0,"parent":0,"menu_order":0,"comment_status":"closed","ping_status":"closed","template":"page-blank.php","meta":{"footnotes":""},"class_list":["post-654","page","type-page","status-publish","hentry"],"_links":{"self":[{"href":"https:\/\/prosprapp.com\/fi\/wp-json\/wp\/v2\/pages\/654","targetHints":{"allow":["GET"]}}],"collection":[{"href":"https:\/\/prosprapp.com\/fi\/wp-json\/wp\/v2\/pages"}],"about":[{"href":"https:\/\/prosprapp.com\/fi\/wp-json\/wp\/v2\/types\/page"}],"author":[{"embeddable":true,"href":"https:\/\/prosprapp.com\/fi\/wp-json\/wp\/v2\/users\/1"}],"replies":[{"embeddable":true,"href":"https:\/\/prosprapp.com\/fi\/wp-json\/wp\/v2\/comments?post=654"}],"version-history":[{"count":15,"href":"https:\/\/prosprapp.com\/fi\/wp-json\/wp\/v2\/pages\/654\/revisions"}],"predecessor-version":[{"id":1045,"href":"https:\/\/prosprapp.com\/fi\/wp-json\/wp\/v2\/pages\/654\/revisions\/1045"}],"wp:attachment":[{"href":"https:\/\/prosprapp.com\/fi\/wp-json\/wp\/v2\/media?parent=654"}],"curies":[{"name":"wp","href":"https:\/\/api.w.org\/{rel}","templated":true}]}}