{"id":635,"date":"2025-12-27T19:33:58","date_gmt":"2025-12-27T19:33:58","guid":{"rendered":"https:\/\/prosprapp.com\/influencers-and-affiliates\/"},"modified":"2026-04-28T14:01:09","modified_gmt":"2026-04-28T14:01:09","slug":"vaikuttajat-ja-affiliaatit","status":"publish","type":"page","link":"https:\/\/prosprapp.com\/fi\/vaikuttajat-ja-affiliaatit\/","title":{"rendered":"Vaikuttajat ja affiliaatit"},"content":{"rendered":"\n\t<section class=\"section\" id=\"section_1346188987\">\n\t\t<div class=\"section-bg fill\" >\n\t\t\t\t\t\t\t\t\t\n\t\t\t\n\n\t\t<\/div>\n\n\t\t\n\n\t\t<div class=\"section-content relative\">\n\t\t\t\n<div class=\"row align-middle\"  id=\"row-944230602\">\n\n\t<div id=\"col-545173113\" class=\"col medium-10 small-12 large-7\"  data-animate=\"fadeInLeft\">\n\t\t\t\t<div class=\"col-inner\"  >\n\t\t\t\n\t\t\t\n<h1 class=\"titlemaintext\" style=\"font-size: 4.7rem;\">Ansaitse sis\u00e4ll\u00f6ill\u00e4si jo t\u00e4n\u00e4\u00e4n<\/h1>\n<p>Liity nyt, p\u00e4\u00e4set kampanjoihin v\u00e4litt\u00f6m\u00e4sti ja seuraat tulojasi helposti puhelimellasi.<\/p>\n<a href=\"https:\/\/app.prosprapp.com\/home\" class=\"button primary lowercase buttonone orangebutton\" style=\"border-radius:99px;\">\n\t\t<span>Liity mukaan nyt!<\/span>\n\t<\/a>\n\n\t\t<\/div>\n\t\t\t\t\n<style>\n#col-545173113 > .col-inner {\n  padding: 0px 0px 0px 0px;\n}\n<\/style>\n\t<\/div>\n\n\t\n\n\t<div id=\"col-43245757\" class=\"col medium-5 small-12 large-5 small-col-first\"  data-animate=\"fadeInRight\">\n\t\t\t\t<div class=\"col-inner\"  >\n\t\t\t\n\t\t\t\n\t<div class=\"img has-hover heromain x md-x lg-x y md-y lg-y\" id=\"image_1314411756\">\n\t\t\t\t\t\t\t\t<div class=\"img-inner dark\" >\n\t\t\t<img loading=\"lazy\" decoding=\"async\" width=\"1269\" height=\"1794\" src=\"https:\/\/prosprapp.com\/wp-content\/uploads\/2025\/12\/shutterstock_1311329123.png\" class=\"attachment-original size-original\" alt=\"\" srcset=\"https:\/\/prosprapp.com\/wp-content\/uploads\/2025\/12\/shutterstock_1311329123.png 1269w, https:\/\/prosprapp.com\/wp-content\/uploads\/2025\/12\/shutterstock_1311329123-212x300.png 212w, https:\/\/prosprapp.com\/wp-content\/uploads\/2025\/12\/shutterstock_1311329123-724x1024.png 724w, https:\/\/prosprapp.com\/wp-content\/uploads\/2025\/12\/shutterstock_1311329123-768x1086.png 768w, https:\/\/prosprapp.com\/wp-content\/uploads\/2025\/12\/shutterstock_1311329123-1087x1536.png 1087w\" sizes=\"auto, (max-width: 1269px) 100vw, 1269px\" \/>\t\t\t\t\t\t\n\t\t\t\t\t<\/div>\n\t\t\t\t\t\t\t\t\n<style>\n#image_1314411756 {\n  width: 100%;\n}\n<\/style>\n\t<\/div>\n\t\n\t\t<\/div>\n\t\t\t\t\t<\/div>\n\n\t\n<\/div>\n\t<div id=\"gap-243521781\" class=\"gap-element clearfix\" style=\"display:block; height:auto;\">\n\t\t\n<style>\n#gap-243521781 {\n  padding-top: 0rem;\n}\n@media (min-width:550px) {\n  #gap-243521781 {\n    padding-top: 3rem;\n  }\n}\n<\/style>\n\t<\/div>\n\t\n\t\t<\/div>\n\n\t\t\n<style>\n#section_1346188987 {\n  padding-top: 2rem;\n  padding-bottom: 2rem;\n  min-height: 50px;\n}\n@media (min-width:550px) {\n  #section_1346188987 {\n    padding-top: 30px;\n    padding-bottom: 30px;\n    min-height: 90vh;\n  }\n}\n<\/style>\n\t<\/section>\n\t\n\n\t<section class=\"section dark\" id=\"section_1883256488\">\n\t\t<div class=\"section-bg fill\" >\n\t\t\t\t\t\t\t\t\t\n\t\t\t\n\n\t\t<\/div>\n\n\t\t\n\n\t\t<div class=\"section-content relative\">\n\t\t\t\n\t<div id=\"gap-1885316950\" class=\"gap-element clearfix\" style=\"display:block; height:auto;\">\n\t\t\n<style>\n#gap-1885316950 {\n  padding-top: 2.5rem;\n}\n<\/style>\n\t<\/div>\n\t\n<div class=\"row align-middle\"  id=\"row-1278024554\">\n\n\t<div id=\"col-295405358\" class=\"col medium-3 small-6 large-3\"  data-animate=\"fadeInLeft\">\n\t\t\t\t<div class=\"col-inner\"  >\n\t\t\t\n\t\t\t\n\t<div class=\"img has-hover x md-x lg-x y md-y lg-y\" id=\"image_880952182\">\n\t\t\t\t\t\t\t\t<div class=\"img-inner dark\" >\n\t\t\t<img loading=\"lazy\" decoding=\"async\" width=\"1132\" height=\"1624\" src=\"https:\/\/prosprapp.com\/wp-content\/uploads\/2026\/01\/surprised-woman-white-shirt-taking-selfie-1.png\" class=\"attachment-original size-original\" alt=\"\" srcset=\"https:\/\/prosprapp.com\/wp-content\/uploads\/2026\/01\/surprised-woman-white-shirt-taking-selfie-1.png 1132w, https:\/\/prosprapp.com\/wp-content\/uploads\/2026\/01\/surprised-woman-white-shirt-taking-selfie-1-209x300.png 209w, https:\/\/prosprapp.com\/wp-content\/uploads\/2026\/01\/surprised-woman-white-shirt-taking-selfie-1-714x1024.png 714w, https:\/\/prosprapp.com\/wp-content\/uploads\/2026\/01\/surprised-woman-white-shirt-taking-selfie-1-768x1102.png 768w, https:\/\/prosprapp.com\/wp-content\/uploads\/2026\/01\/surprised-woman-white-shirt-taking-selfie-1-1071x1536.png 1071w\" sizes=\"auto, (max-width: 1132px) 100vw, 1132px\" \/>\t\t\t\t\t\t\n\t\t\t\t\t<\/div>\n\t\t\t\t\t\t\t\t\n<style>\n#image_880952182 {\n  width: 100%;\n}\n<\/style>\n\t<\/div>\n\t\n\t\t<\/div>\n\t\t\t\t\t<\/div>\n\n\t\n\n\t<div id=\"col-41223639\" class=\"col medium-3 small-6 large-3\"  data-animate=\"fadeInLeft\">\n\t\t\t\t<div class=\"col-inner\"  >\n\t\t\t\n\t\t\t\n\t<div class=\"img has-hover x md-x lg-x y md-y lg-y\" id=\"image_997422037\">\n\t\t\t\t\t\t\t\t<div class=\"img-inner dark\" >\n\t\t\t<img loading=\"lazy\" decoding=\"async\" width=\"1132\" height=\"1588\" src=\"https:\/\/prosprapp.com\/wp-content\/uploads\/2026\/01\/portrait-positive-man-recording-personal-blog-1.png\" class=\"attachment-original size-original\" alt=\"\" srcset=\"https:\/\/prosprapp.com\/wp-content\/uploads\/2026\/01\/portrait-positive-man-recording-personal-blog-1.png 1132w, https:\/\/prosprapp.com\/wp-content\/uploads\/2026\/01\/portrait-positive-man-recording-personal-blog-1-214x300.png 214w, https:\/\/prosprapp.com\/wp-content\/uploads\/2026\/01\/portrait-positive-man-recording-personal-blog-1-730x1024.png 730w, https:\/\/prosprapp.com\/wp-content\/uploads\/2026\/01\/portrait-positive-man-recording-personal-blog-1-768x1077.png 768w, https:\/\/prosprapp.com\/wp-content\/uploads\/2026\/01\/portrait-positive-man-recording-personal-blog-1-1095x1536.png 1095w\" sizes=\"auto, (max-width: 1132px) 100vw, 1132px\" \/>\t\t\t\t\t\t\n\t\t\t\t\t<\/div>\n\t\t\t\t\t\t\t\t\n<style>\n#image_997422037 {\n  width: 100%;\n}\n<\/style>\n\t<\/div>\n\t\n\t\t<\/div>\n\t\t\t\t\t<\/div>\n\n\t\n\n\t<div id=\"col-1384462032\" class=\"col medium-6 small-12 large-6\"  data-animate=\"fadeInRight\">\n\t\t\t\t<div class=\"col-inner\"  >\n\t\t\t\n\t\t\t\n<h2 class=\"titleheadertext\">Miksi Prospr?<\/h2>\n<h4 class=\"iconheader\">Reilumpaa ansaintaa ja mahdollisuuksia sis\u00e4ll\u00f6ntuottajille<\/h4>\n<p>\nLiian moni sis\u00e4ll\u00f6ntuottaja joutuu odottamaan palkkioitaan, arvailemaan ansaintaansa ja tekem\u00e4\u00e4n yhteisty\u00f6it\u00e4, jotka eiv\u00e4t oikeasti tunnu omilta.<br \/>\nSiksi perustimme Prosprin.<br \/>\n<strong>Haluamme antaa vaikuttajille ja affiliaateille l\u00e4pin\u00e4kyvyytt\u00e4, reiluutta ja dataa, johon voi aidosti luottaa. Uskomme, ett\u00e4 sis\u00e4ll\u00f6ntuottajat ovat yritt\u00e4ji\u00e4 \u2013 ja Prospr tukee sinua rakentamaan kest\u00e4v\u00e4\u00e4 tulovirtaa, taloudellista vapautta ja ylpeytt\u00e4 niist\u00e4 br\u00e4ndeist\u00e4, joita edustat.<\/strong><\/p>\n\t\t<\/div>\n\t\t\t\t\t<\/div>\n\n\t\n<\/div>\n\t\t<\/div>\n\n\t\t\n<style>\n#section_1883256488 {\n  padding-top: 4rem;\n  padding-bottom: 4rem;\n  background-color: rgb(255, 161, 255);\n}\n<\/style>\n\t<\/section>\n\t\n\n\t<section class=\"section dark\" id=\"section_1115595597\">\n\t\t<div class=\"section-bg fill\" >\n\t\t\t\t\t\t\t\t\t\n\t\t\t\n\n\t\t<\/div>\n\n\t\t\n\n\t\t<div class=\"section-content relative\">\n\t\t\t\n\t<div id=\"gap-190172604\" class=\"gap-element clearfix\" style=\"display:block; height:auto;\">\n\t\t\n<style>\n#gap-190172604 {\n  padding-top: 2.5rem;\n}\n<\/style>\n\t<\/div>\n\t\n<div class=\"row align-bottom\"  id=\"row-2005994680\">\n\n\t<div id=\"col-1660075330\" class=\"col medium-6 small-12 large-6\"  data-animate=\"fadeInLeft\">\n\t\t\t\t<div class=\"col-inner\"  >\n\t\t\t\n\t\t\t\n<h2 class=\"titleheadertext\">Prosprin hy\u00f6dyt vaikuttajille &amp; affiliaateille<\/h2>\n<h4 class=\"iconheader\">Mahdollisuuksia.<br \/>Reilua ansaintaa. Ajasta ja paikasta riippumatta.<\/h4>\n<p style=\"max-width:550px;\">\nProspr on teko\u00e4lypohjainen vaikuttajamarkkinointialusta, joka auttaa vaikuttajia ja affiliaatteja ansaitsemaan reilusti ja l\u00e4pin\u00e4kyv\u00e4sti. Yhdist\u00e4mme sis\u00e4ll\u00f6ntuottajat br\u00e4ndeihin, jotka arvostavat todellista suorituskyky\u00e4 \u2013 ja tarjoamme selke\u00e4n seurannan, reilut palkkiot sek\u00e4 mahdollisuuksia kasvattaa pitk\u00e4j\u00e4nteisesti omaa tulovirtaasi.<\/p>\n<a href=\"https:\/\/app.prosprapp.com\/home\" class=\"button white lowercase buttonone purplebuttonoutline\" style=\"border-radius:99px;\">\n\t\t<span>Lataa sovellus<\/span>\n\t<\/a>\n\n\t\t<\/div>\n\t\t\t\t\t<\/div>\n\n\t\n\n\t<div id=\"col-1727335951\" class=\"col hide-for-small medium-2 small-12 large-2\"  data-animate=\"fadeInRight\">\n\t\t\t\t<div class=\"col-inner\"  >\n\t\t\t\n\t\t\t\n\t<div class=\"img has-hover brandbottomimg x md-x lg-x y md-y lg-y\" id=\"image_910685467\">\n\t\t\t\t\t\t\t\t<div class=\"img-inner dark\" >\n\t\t\t<img loading=\"lazy\" decoding=\"async\" width=\"760\" height=\"1092\" src=\"https:\/\/prosprapp.com\/wp-content\/uploads\/2026\/01\/laura-chouette-U8OcpZ2T0w-unsplash-1.png\" class=\"attachment-original size-original\" alt=\"\" srcset=\"https:\/\/prosprapp.com\/wp-content\/uploads\/2026\/01\/laura-chouette-U8OcpZ2T0w-unsplash-1.png 760w, https:\/\/prosprapp.com\/wp-content\/uploads\/2026\/01\/laura-chouette-U8OcpZ2T0w-unsplash-1-209x300.png 209w, https:\/\/prosprapp.com\/wp-content\/uploads\/2026\/01\/laura-chouette-U8OcpZ2T0w-unsplash-1-713x1024.png 713w\" sizes=\"auto, (max-width: 760px) 100vw, 760px\" \/>\t\t\t\t\t\t\n\t\t\t\t\t<\/div>\n\t\t\t\t\t\t\t\t\n<style>\n#image_910685467 {\n  width: 100%;\n}\n<\/style>\n\t<\/div>\n\t\n\t\t<\/div>\n\t\t\t\t\t<\/div>\n\n\t\n\n\t<div id=\"col-1885125304\" class=\"col medium-4 small-12 large-4 small-col-first\"  data-animate=\"fadeInRight\">\n\t\t\t\t<div class=\"col-inner\"  >\n\t\t\t\n\t\t\t\n\t<div class=\"img has-hover x md-x lg-x y md-y lg-y\" id=\"image_433122813\">\n\t\t\t\t\t\t\t\t<div class=\"img-inner dark\" >\n\t\t\t<img loading=\"lazy\" decoding=\"async\" width=\"1780\" height=\"2464\" src=\"https:\/\/prosprapp.com\/wp-content\/uploads\/2026\/01\/influencer-creating-content-with-smartphone-tripod-bedroom-1.png\" class=\"attachment-original size-original\" alt=\"\" srcset=\"https:\/\/prosprapp.com\/wp-content\/uploads\/2026\/01\/influencer-creating-content-with-smartphone-tripod-bedroom-1.png 1780w, https:\/\/prosprapp.com\/wp-content\/uploads\/2026\/01\/influencer-creating-content-with-smartphone-tripod-bedroom-1-217x300.png 217w, https:\/\/prosprapp.com\/wp-content\/uploads\/2026\/01\/influencer-creating-content-with-smartphone-tripod-bedroom-1-740x1024.png 740w, https:\/\/prosprapp.com\/wp-content\/uploads\/2026\/01\/influencer-creating-content-with-smartphone-tripod-bedroom-1-768x1063.png 768w, https:\/\/prosprapp.com\/wp-content\/uploads\/2026\/01\/influencer-creating-content-with-smartphone-tripod-bedroom-1-1110x1536.png 1110w, https:\/\/prosprapp.com\/wp-content\/uploads\/2026\/01\/influencer-creating-content-with-smartphone-tripod-bedroom-1-1479x2048.png 1479w\" sizes=\"auto, (max-width: 1780px) 100vw, 1780px\" \/>\t\t\t\t\t\t\n\t\t\t\t\t<\/div>\n\t\t\t\t\t\t\t\t\n<style>\n#image_433122813 {\n  width: 100%;\n}\n<\/style>\n\t<\/div>\n\t\n\t\t<\/div>\n\t\t\t\t\t<\/div>\n\n\t\n<\/div>\n\t\t<\/div>\n\n\t\t\n<style>\n#section_1115595597 {\n  padding-top: 4rem;\n  padding-bottom: 4rem;\n  background-color: rgb(0,0,0);\n}\n<\/style>\n\t<\/section>\n\t\n\n\t<section class=\"section\" id=\"section_1608558591\">\n\t\t<div class=\"section-bg fill\" >\n\t\t\t\t\t\t\t\t\t\n\t\t\t\n\n\t\t<\/div>\n\n\t\t\n\n\t\t<div class=\"section-content relative\">\n\t\t\t\n<div class=\"row\"  id=\"row-1518374212\">\n\n\t<div id=\"col-2121557569\" class=\"col small-12 large-12\"  data-animate=\"fadeInUp\">\n\t\t\t\t<div class=\"col-inner\"  >\n\t\t\t\n\t\t\t\n\t<div id=\"gap-378222417\" class=\"gap-element clearfix\" style=\"display:block; height:auto;\">\n\t\t\n<style>\n#gap-378222417 {\n  padding-top: 2rem;\n}\n@media (min-width:550px) {\n  #gap-378222417 {\n    padding-top: 4rem;\n  }\n}\n<\/style>\n\t<\/div>\n\t\n<h2 class=\"titleheadertext\">T\u00e4rkeimm\u00e4t ominaisuudet<\/h2>\n\t\t<\/div>\n\t\t\t\t\t<\/div>\n\n\t\n<\/div>\n<div class=\"row\"  id=\"row-1746130903\">\n\n\t<div id=\"col-296622662\" class=\"col medium-6 small-12 large-6\"  data-animate=\"fadeInLeft\">\n\t\t\t\t<div class=\"col-inner\"  >\n\t\t\t\n\t\t\t\n\t<div class=\"box has-hover iconboximg  has-hover box-text-bottom\" >\n\n\t\t<div class=\"box-image\" >\n\t\t\t\t\t\t<div class=\"\" >\n\t\t\t\t<img decoding=\"async\" src=\"https:\/\/prosprapp.com\/wp-content\/uploads\/2026\/01\/icon-new-fair.svg\" class=\"attachment- size-\" alt=\"\" \/>\t\t\t\t\t\t\t\t\t\t\t<\/div>\n\t\t\t\t\t<\/div>\n\n\t\t<div class=\"box-text text-left\" >\n\t\t\t<div class=\"box-text-inner\">\n\t\t\t\t\n<h3 class=\"iconheader\">Reilu, tuloksiin perustuva ansainta<\/h3>\n<p>Ansaitse todellisten tulosten perusteella \u2013 ei ep\u00e4m\u00e4\u00e4r\u00e4isten lupausten. Prosprin malli palkitsee sinut oikeudenmukaisesti vaikutuksesta, jonka luot.<\/p>\n\t\t\t<\/div>\n\t\t<\/div>\n\t<\/div>\n\t\n\t\t<\/div>\n\t\t\t\t\t<\/div>\n\n\t\n\n\t<div id=\"col-1302094369\" class=\"col medium-6 small-12 large-6\"  data-animate=\"fadeInRight\">\n\t\t\t\t<div class=\"col-inner\"  >\n\t\t\t\n\t\t\t\n\t<div class=\"box has-hover iconboximg  has-hover box-text-bottom\" >\n\n\t\t<div class=\"box-image\" >\n\t\t\t\t\t\t<div class=\"\" >\n\t\t\t\t<img decoding=\"async\" src=\"https:\/\/prosprapp.com\/wp-content\/uploads\/2026\/01\/icon-new-better.svg\" class=\"attachment- size-\" alt=\"\" \/>\t\t\t\t\t\t\t\t\t\t\t<\/div>\n\t\t\t\t\t<\/div>\n\n\t\t<div class=\"box-text text-left\" >\n\t\t\t<div class=\"box-text-inner\">\n\t\t\t\t\n<h3 class=\"iconheader\">Paremmat osumat teko\u00e4lyll\u00e4<\/h3>\n<p>Teko\u00e4lymme yhdist\u00e4\u00e4 sinut br\u00e4ndeihin, jotka sopivat yleis\u00f6\u00f6si, arvoihisi ja sis\u00e4lt\u00f6tyyliisi \u2013 aidompia yhteist\u00f6it\u00e4, v\u00e4hemm\u00e4n huteja.<\/p>\n\t\t\t<\/div>\n\t\t<\/div>\n\t<\/div>\n\t\n\t\t<\/div>\n\t\t\t\t\t<\/div>\n\n\t\n\n\t<div id=\"col-309314265\" class=\"col medium-6 small-12 large-6\"  data-animate=\"fadeInLeft\">\n\t\t\t\t<div class=\"col-inner\"  >\n\t\t\t\n\t\t\t\n\t<div class=\"box has-hover iconboximg  has-hover box-text-bottom\" >\n\n\t\t<div class=\"box-image\" >\n\t\t\t\t\t\t<div class=\"\" >\n\t\t\t\t<img decoding=\"async\" src=\"https:\/\/prosprapp.com\/wp-content\/uploads\/2026\/01\/icon-new-clear-transparent.svg\" class=\"attachment- size-\" alt=\"\" \/>\t\t\t\t\t\t\t\t\t\t\t<\/div>\n\t\t\t\t\t<\/div>\n\n\t\t<div class=\"box-text text-left\" >\n\t\t\t<div class=\"box-text-inner\">\n\t\t\t\t\n<h3 class=\"iconheader\">Selke\u00e4 seuranta &amp; reaaliaikaiset n\u00e4kym\u00e4t<\/h3>\n<p>Seuraa klikkauksia, konversioita ja tuloja selke\u00e4st\u00e4 hallintapaneelista \u2013 numerot p\u00e4ivittyv\u00e4t reaaliajassa.<\/p>\n\t\t\t<\/div>\n\t\t<\/div>\n\t<\/div>\n\t\n\t\t<\/div>\n\t\t\t\t\t<\/div>\n\n\t\n\n\t<div id=\"col-595610242\" class=\"col medium-6 small-12 large-6\"  data-animate=\"fadeInRight\">\n\t\t\t\t<div class=\"col-inner\"  >\n\t\t\t\n\t\t\t\n\t<div class=\"box has-hover iconboximg  has-hover box-text-bottom\" >\n\n\t\t<div class=\"box-image\" >\n\t\t\t\t\t\t<div class=\"\" >\n\t\t\t\t<img decoding=\"async\" src=\"https:\/\/prosprapp.com\/wp-content\/uploads\/2026\/01\/icon-new-growth.svg\" class=\"attachment- size-\" alt=\"\" \/>\t\t\t\t\t\t\t\t\t\t\t<\/div>\n\t\t\t\t\t<\/div>\n\n\t\t<div class=\"box-text text-left\" >\n\t\t\t<div class=\"box-text-inner\">\n\t\t\t\t\n<h3 class=\"iconheader\">Kasvua ilman byrokratiaa<\/h3>\n<p>V\u00e4hemm\u00e4n hallintoa, enemm\u00e4n luomista. Prospr hoitaa prosessit, jotta sin\u00e4 voit keskitty\u00e4 sis\u00e4lt\u00f6\u00f6n ja kasvuun.<\/p>\n\t\t\t<\/div>\n\t\t<\/div>\n\t<\/div>\n\t\n\t\t<\/div>\n\t\t\t\t\t<\/div>\n\n\t\n<\/div>\n\t\t<\/div>\n\n\t\t\n<style>\n#section_1608558591 {\n  padding-top: 30px;\n  padding-bottom: 30px;\n  background-color: rgb(251, 251, 251);\n}\n<\/style>\n\t<\/section>\n\t\n\n\t<section class=\"section dark\" id=\"section_256282882\">\n\t\t<div class=\"section-bg fill\" >\n\t\t\t\t\t\t\t\t\t\n\t\t\t\n\n\t\t<\/div>\n\n\t\t\n\n\t\t<div class=\"section-content relative\">\n\t\t\t\n<div class=\"row\"  id=\"row-92945715\">\n\n\t<div id=\"col-1171400817\" class=\"col small-12 large-12\"  data-animate=\"fadeInUp\">\n\t\t\t\t<div class=\"col-inner text-center\"  >\n\t\t\t\n\t\t\t\n<h2 class=\"titlemaintext\">Muuta sis\u00e4lt\u00f6si mitattavaksi tuloksi<\/h2>\n<p style=\"font-size: 1.625rem; margin-top:45px;\">\nLiity Prospriin ja aloita ansaitseminen l\u00e4pin\u00e4kyvien ja tuloksiin perustuvien yhteist\u00f6iden avulla <br \/>br\u00e4ndien kanssa, jotka aidosti arvostavat vaikutustasi.<\/p>\n\t<div id=\"gap-904119211\" class=\"gap-element clearfix\" style=\"display:block; height:auto;\">\n\t\t\n<style>\n#gap-904119211 {\n  padding-top: 3rem;\n}\n<\/style>\n\t<\/div>\n\t\n<a href=\"https:\/\/app.prosprapp.com\/home\" class=\"button secondary lowercase buttonone purplebutton1\" style=\"border-radius:99px;\">\n\t\t<span>Lataa sovellus<\/span>\n\t<\/a>\n\n\t\t<\/div>\n\t\t\t\t\t<\/div>\n\n\t\n<\/div>\n\t\t<\/div>\n\n\t\t\n<style>\n#section_256282882 {\n  padding-top: 3rem;\n  padding-bottom: 3rem;\n  background-color: rgb(0,0,0);\n}\n<\/style>\n\t<\/section>\n\t\n","protected":false},"excerpt":{"rendered":"","protected":false},"author":1,"featured_media":0,"parent":0,"menu_order":0,"comment_status":"closed","ping_status":"closed","template":"page-blank.php","meta":{"footnotes":""},"class_list":["post-635","page","type-page","status-publish","hentry"],"_links":{"self":[{"href":"https:\/\/prosprapp.com\/fi\/wp-json\/wp\/v2\/pages\/635","targetHints":{"allow":["GET"]}}],"collection":[{"href":"https:\/\/prosprapp.com\/fi\/wp-json\/wp\/v2\/pages"}],"about":[{"href":"https:\/\/prosprapp.com\/fi\/wp-json\/wp\/v2\/types\/page"}],"author":[{"embeddable":true,"href":"https:\/\/prosprapp.com\/fi\/wp-json\/wp\/v2\/users\/1"}],"replies":[{"embeddable":true,"href":"https:\/\/prosprapp.com\/fi\/wp-json\/wp\/v2\/comments?post=635"}],"version-history":[{"count":13,"href":"https:\/\/prosprapp.com\/fi\/wp-json\/wp\/v2\/pages\/635\/revisions"}],"predecessor-version":[{"id":1036,"href":"https:\/\/prosprapp.com\/fi\/wp-json\/wp\/v2\/pages\/635\/revisions\/1036"}],"wp:attachment":[{"href":"https:\/\/prosprapp.com\/fi\/wp-json\/wp\/v2\/media?parent=635"}],"curies":[{"name":"wp","href":"https:\/\/api.w.org\/{rel}","templated":true}]}}